{"id":49,"date":"2017-06-19T11:36:11","date_gmt":"2017-06-19T09:36:11","guid":{"rendered":"http:\/\/eco-sprayer.com\/wordpress\/?post_type=product&#038;p=49"},"modified":"2026-04-02T14:27:05","modified_gmt":"2026-04-02T12:27:05","slug":"nebuliseur-orientable-800-mlh","status":"publish","type":"product","link":"https:\/\/www.eco-sprayer.com\/pulverisateurs\/produit\/nebuliseur-orientable-800-mlh\/","title":{"rendered":"Appareil de d\u00e9sinfection petites surfaces 800 ml\/h V2NO"},"content":{"rendered":"<p>Voici un <code>n\u00e9buliseur de table de petite taille autonome, orientable et programmable<\/code>, existe en d\u00e9bit \u00a0<code>400, 800,1200 ml par heure<\/code>. Sp\u00e9cialement con\u00e7ut pour la d\u00e9sinfection des petits volumes (- 10 m3) types Postes de S\u00e9curit\u00e9 Microbiologique (PSM), ambulances , SAS, hottes (hotte \u00e0 flux laminaire vertical ou horizontal ), isolateurs, plafonds soufflants, armoires d\u2019animalerie, Sorbonnes, les petites pi\u00e8ces de laboratoires, salles blanches . La technologie du disque tournant permet une d\u00e9sinfection par voie a\u00e9rienne efficace sans \u00e9coulement d&#8217;eau sur les murs, ni bu\u00e9e, du \u00e0 son faible d\u00e9bit et \u00e0 la qualit\u00e9 de sa brumisation.<\/p>\n<p>Le n\u00e9buliseur est un appareil qui fonctionne sur secteur ou sur batterie\u00a0 son ventilateur souffle les gouttelettes de l\u2019a\u00e9rosol vers la bordure du disque. Pour alimenter ce disque, le n\u00e9buliseur comporte un bidon de 0,5 litre contenant du liquide qu\u2019une pompe p\u00e9ristaltique aspire. Ainsi, ce liquide int\u00e8gre l\u2019appareil au moyen d\u2019un tuyau souple en silicone.<br \/>\nSelon la programmation choisie, le n\u00e9buliseur pulv\u00e9rise les petits volumes dans la direction souhait\u00e9e en continu ou en alternant diffusion et pauses, La programmation du n\u00e9buliseur est r\u00e9alis\u00e9e \u00e0 partir des boutons plac\u00e9s pr\u00e8s de l\u2019\u00e9cran de visualisation. Chaque bouton correspond \u00e0 une fonction.<\/p>\n<p>Pour programmer la diffusion il faut activer ces boutons poussoirs. La quantit\u00e9 de liquide \u00e0 n\u00e9buliser, divis\u00e9e par le rythme du d\u00e9bit de l\u2019appareil, permet de conna\u00eetre la dur\u00e9e de diffusion effective. Par exemple, pour 200 ml de liquide et un d\u00e9bit de 400 ml\/h, la dur\u00e9e totale de pulv\u00e9risation en continu sera de 30 minutes (une demi-heure).<\/p>\n<p><strong>En utilisant les boutons de programmation, on peut obtenir diff\u00e9rents rythmes de pulv\u00e9risation.<\/strong>\u00a0<strong><u>Cycle :<\/u><\/strong>\u00a0la fonction C est programmable de 1 \u00e0 99, elle r\u00e8gle le nombre de cycles de diffusion. La valeur 1 programme une pulv\u00e9risation en continu<br \/>\n<strong><u>Dur\u00e9e :<\/u><\/strong>\u00a0la fonction D est programmable de 0 \u00e0 99 minutes et 59 secondes, elle d\u00e9termine le temps de chaque cycle de pulv\u00e9risation effective. Le r\u00e9glage fonction par pas de 1 seconde. Pour n\u00e9buliser les 200 ml pr\u00e9c\u00e9dents en 10 cycles par exemple, la dur\u00e9e D est de 3 minutes (le d\u00e9bit est de 400 ml\/h).<br \/>\n<strong><u>Retard :<\/u><\/strong>\u00a0la fonction R est r\u00e9glable de 0 \u00e0 9 heures et 59 minutes, elle d\u00e9finit \u00e0 la fois la dur\u00e9e de n\u00e9bulisation (d\u00e9but et fin) ainsi que le temps de pause entre deux cycles. Le r\u00e9glage s\u2019effectue par pas de 1 minute. Pour diffuser les 200 ml de l\u2019exemple, avec un temps de pause de 5 minutes entre la diffusion effective de 3 minutes par cycle, l\u2019appareil d\u00e9marrera la n\u00e9bulisation apr\u00e8s 5 minutes pour une diffusion de 3 minutes. Le cycle cessera pendant 5 minutes, puis reprendra et ainsi de suite jusqu\u2019\u00e0 \u00e9puisement du liquide apr\u00e8s 80 minutes au total.<\/p>\n<p><strong>Autres fonctions du n\u00e9buliseur<\/strong><\/p>\n<p>Gr\u00e2ce \u00e0 la pr\u00e9sence d\u2019une LED sur le n\u00e9buliseur, son fonctionnement correct peut \u00eatre visualis\u00e9 de loin. Par pr\u00e9caution, un capteur de pr\u00e9sence de liquide (CPL) est plac\u00e9 avant le disque du n\u00e9buliseur. En absence de liquide ce CPL stoppe automatiquement la rotation du disque.<br \/>\nLorsque la pulv\u00e9risation s\u2019ach\u00e8ve, le circuit hydraulique est vidang\u00e9 automatiquement, le n\u00e9buliseur renvoie dans le bidon le liquide non pulv\u00e9ris\u00e9.<br \/>\n<strong><u>Les liquides compatibles :<\/u><\/strong>\u00a0ce mod\u00e8le de n\u00e9buliseur doit \u00eatre utilis\u00e9 avec des liquides non inflammables car l\u2019appareil n\u2019est pas certifi\u00e9 ATEX. Il est\u00a0<code>compatible avec tous les liquides, visqueux ou non,<\/code>\u00a0et sa compatibilit\u00e9 s\u2019\u00e9tend aux mat\u00e9riaux ci-apr\u00e8s :\u00a0<code>graisse alimentaire, silicone, acier inox 304L, novoprene, PTFE charg\u00e9 de graphite et carbone (joint)<\/code>. Certains liquides peuvent occasionner des d\u00e9p\u00f4ts pouvant endommager le circuit hydraulique. Pour \u00e9viter cela une s\u00e9ance de pulv\u00e9risation de liquide nettoyant est \u00e0 programmer, le nettoyage s\u2019effectuera durant la diffusion.<\/p>\n","protected":false},"excerpt":{"rendered":"<p>Voici un <code>n\u00e9buliseur de table autonome, orientable et programmable<\/code>, qui peut d\u00e9biter <code>400, 800,1200 ml par heure<\/code>. Ce n\u00e9buliseur est un appareil con\u00e7ut sp\u00e9cialement pour les petites surfaces, petits volumes, de type, Postes de S\u00e9curit\u00e9 Microbiologique (PSM) des laboratoires, hottes, isolateurs, ambulances, salles blanches, armoire d&#8217;animalerie , placards ..<\/p>\n","protected":false},"featured_media":569,"comment_status":"open","ping_status":"closed","template":"","meta":[],"product_cat":[60,162],"product_tag":[168],"class_list":{"0":"post-49","1":"product","2":"type-product","3":"status-publish","4":"has-post-thumbnail","6":"product_cat-appareil-de-desinfection-par-voie-aerienne","7":"product_cat-psm","8":"product_tag-v2no-800-ml-h","10":"first","11":"instock","12":"taxable","13":"shipping-taxable","14":"product-type-simple"},"_links":{"self":[{"href":"https:\/\/www.eco-sprayer.com\/pulverisateurs\/wp-json\/wp\/v2\/product\/49","targetHints":{"allow":["GET"]}}],"collection":[{"href":"https:\/\/www.eco-sprayer.com\/pulverisateurs\/wp-json\/wp\/v2\/product"}],"about":[{"href":"https:\/\/www.eco-sprayer.com\/pulverisateurs\/wp-json\/wp\/v2\/types\/product"}],"replies":[{"embeddable":true,"href":"https:\/\/www.eco-sprayer.com\/pulverisateurs\/wp-json\/wp\/v2\/comments?post=49"}],"version-history":[{"count":0,"href":"https:\/\/www.eco-sprayer.com\/pulverisateurs\/wp-json\/wp\/v2\/product\/49\/revisions"}],"wp:featuredmedia":[{"embeddable":true,"href":"https:\/\/www.eco-sprayer.com\/pulverisateurs\/wp-json\/wp\/v2\/media\/569"}],"wp:attachment":[{"href":"https:\/\/www.eco-sprayer.com\/pulverisateurs\/wp-json\/wp\/v2\/media?parent=49"}],"wp:term":[{"taxonomy":"product_cat","embeddable":true,"href":"https:\/\/www.eco-sprayer.com\/pulverisateurs\/wp-json\/wp\/v2\/product_cat?post=49"},{"taxonomy":"product_tag","embeddable":true,"href":"https:\/\/www.eco-sprayer.com\/pulverisateurs\/wp-json\/wp\/v2\/product_tag?post=49"}],"curies":[{"name":"wp","href":"https:\/\/api.w.org\/{rel}","templated":true}]}}