{"id":468,"date":"2017-06-19T11:10:52","date_gmt":"2020-07-01T07:44:11","guid":{"rendered":"https:\/\/www.eco-sprayer.com\/pulverisateurs\/produit\/dispositivo-de-direccion-de-nebura-de-aire-no-400-ml-h\/"},"modified":"2021-04-05T19:28:16","modified_gmt":"2021-04-05T17:28:16","slug":"nebulizador-orientable-400-mlh","status":"publish","type":"product","link":"https:\/\/www.eco-sprayer.com\/pulverisateurs\/produit\/nebulizador-orientable-400-mlh\/?lang=es","title":{"rendered":"Dispositivo de direcci\u00f3n de nebura de aire NO 400 ml\/h"},"content":{"rendered":"<p>Aqu\u00ed hay brumisateur de table autonome, orientable et programmablecode&gt; uno, que puede <strong>400 ml<\/strong> par heurecode&gt; cobrar. El nebulizador es un dispositivo que funciona con <strong>bater\u00eda<\/strong> o <strong>en el suelo,<\/strong> su disco y ventilador sopla las gotas desde el aerosol hasta la habitaci\u00f3n a tratar. Para alimentar este disco, el pulverizador contiene una lata de 0,5 litros que contiene l\u00edquido que una bomba perist\u00e1ltica apesta. Este l\u00edquido integra el dispositivo con una manguera de silicona.<br \/>\nDependiendo de la programaci\u00f3n elegida, el atomizador pulveriza en la direcci\u00f3n deseada en streaming o alternando broadcast y pausas, la programaci\u00f3n de la niebla se lleva a cabo desde los botones colocados cerca de la pantalla de visualizaci\u00f3n. Cada bot\u00f3n corresponde a una funci\u00f3n.<\/p>\n<p>Para programar la difusi\u00f3n hay que activar estos pulsadores. La cantidad de l\u00edquido a nebulizar, dividida por la velocidad del flujo del dispositivo, permite conocer el tiempo de difusi\u00f3n real. Por ejemplo, para 250 ml de l\u00edquido un \u00e1rea de 25 m3 y un caudal de 400 ml\/h, el tiempo total de pulverizaci\u00f3n continua ser\u00e1 de 37 minutos.<\/p>\n<p><strong>Usando los botones de programaci\u00f3n, puede obtener diferentes ritmos de pulverizaci\u00f3n.<\/strong> <strong><br \/>\n  <u>Ciclo:<\/u><br \/>\n<\/strong> C es programable de 1 a 99, regula el n\u00famero de ciclos de emisi\u00f3n. Valor 1 programas de pulverizaci\u00f3n continua<br \/>\n<strong><br \/>\n  <u>Duraci\u00f3n: La<\/u><br \/>\n<\/strong> funci\u00f3n D es programable de 0 a 99 minutos y 59 segundos, determina el tiempo de cada ciclo de pulverizaci\u00f3n real. La funci\u00f3n de ajuste en 1 segundo. Para nebulizar los 250 ml anteriores en 5 ciclos, por ejemplo, la duraci\u00f3n D es de 7 minutos (el flujo es de 400 ml\/h).<br \/>\n<strong><br \/>\n  <u>Retardo:<\/u><br \/>\n<\/strong> La funci\u00f3n R es ajustable de 0 a 9 horas y 59 minutos, define tanto la duraci\u00f3n de la nebulizaci\u00f3n (inicio y fin) como el tiempo de pausa entre dos ciclos. El ajuste se realiza en un 1 minuto. Para transmitir los 250 ml del ejemplo, con un tiempo de pausa de 2 minutos entre la emisi\u00f3n real de 7 minutos por ciclo, el dispositivo iniciar\u00e1 la nebulizaci\u00f3n despu\u00e9s de 2 minutos para una emisi\u00f3n de 7 minutos. El ciclo se detendr\u00e1 durante 3 minutos, luego se reanudar\u00e1 y as\u00ed sucesivamente hasta que el l\u00edquido se agote despu\u00e9s de 45 minutos en total.<\/p>\n<p><strong>Otras funciones del nebulizador<\/strong><\/p>\n<p>Gracias a la presencia de un LED en el nebulizador, su correcto funcionamiento se puede visualizar desde lejos. Como precauci\u00f3n, se coloca un sensor de presencia l\u00edquida (CPL) antes del disco del nebulizador. En ausencia de l\u00edquido, esta CPL detiene autom\u00e1ticamente la rotaci\u00f3n del disco.<br \/>\nUna vez completado el spray, el sistema hidr\u00e1ulico se drena autom\u00e1ticamente, el quemador devuelve el spray desencaba en la lata.<br \/>\n<strong><br \/>\n  <u>L\u00edquidos compatibles:<\/u><br \/>\n<\/strong> Le n\u00e9buliseur peut <strong>atomiser tous types de liquides, visqueux ou non et non inflammables<\/strong>,   compatible avec le novoprene, la graisse alimentaire, l\u2019acier inox 304L, le PTFE et le silicone (joint).code&gt; . Algunos l\u00edquidos pueden causar dep\u00f3sitos que pueden da\u00f1ar el sistema hidr\u00e1ulico. Para evitar esto se programar\u00e1 una sesi\u00f3n de pulverizaci\u00f3n de l\u00edquido de limpieza, la limpieza se realizar\u00e1 durante la difusi\u00f3n.<\/p>\n","protected":false},"excerpt":{"rendered":"<p>Aqu\u00ed hay n\u00e9buliseur de table autonome, orientable et programmablecode&gt; uno, que puede 400ml par heurecode&gt; cobrar. El nebulizador es un dispositivo que funciona con bater\u00eda o en tierra, equipado con tecnolog\u00eda de disco giratorio que permite un mejor control de difusi\u00f3n. Su peso ligero de 5kg hace que sea f\u00e1cil de llevar.<\/p>\n","protected":false},"featured_media":573,"comment_status":"open","ping_status":"closed","template":"","meta":[],"product_cat":[126],"product_tag":[],"class_list":{"0":"post-468","1":"product","2":"type-product","3":"status-publish","4":"has-post-thumbnail","6":"product_cat-dispositivo-de-desinfeccion-aire-aire","8":"first","9":"instock","10":"taxable","11":"shipping-taxable","12":"product-type-simple"},"_links":{"self":[{"href":"https:\/\/www.eco-sprayer.com\/pulverisateurs\/wp-json\/wp\/v2\/product\/468","targetHints":{"allow":["GET"]}}],"collection":[{"href":"https:\/\/www.eco-sprayer.com\/pulverisateurs\/wp-json\/wp\/v2\/product"}],"about":[{"href":"https:\/\/www.eco-sprayer.com\/pulverisateurs\/wp-json\/wp\/v2\/types\/product"}],"replies":[{"embeddable":true,"href":"https:\/\/www.eco-sprayer.com\/pulverisateurs\/wp-json\/wp\/v2\/comments?post=468"}],"version-history":[{"count":0,"href":"https:\/\/www.eco-sprayer.com\/pulverisateurs\/wp-json\/wp\/v2\/product\/468\/revisions"}],"wp:featuredmedia":[{"embeddable":true,"href":"https:\/\/www.eco-sprayer.com\/pulverisateurs\/wp-json\/wp\/v2\/media\/573"}],"wp:attachment":[{"href":"https:\/\/www.eco-sprayer.com\/pulverisateurs\/wp-json\/wp\/v2\/media?parent=468"}],"wp:term":[{"taxonomy":"product_cat","embeddable":true,"href":"https:\/\/www.eco-sprayer.com\/pulverisateurs\/wp-json\/wp\/v2\/product_cat?post=468"},{"taxonomy":"product_tag","embeddable":true,"href":"https:\/\/www.eco-sprayer.com\/pulverisateurs\/wp-json\/wp\/v2\/product_tag?post=468"}],"curies":[{"name":"wp","href":"https:\/\/api.w.org\/{rel}","templated":true}]}}