{"id":461,"date":"2017-06-19T10:58:31","date_gmt":"2020-07-01T07:43:56","guid":{"rendered":"https:\/\/www.eco-sprayer.com\/pulverisateurs\/produit\/nebuliseur-dsva-desinfection-par-voie-aerienne-2000-ml-h\/"},"modified":"2025-04-13T22:26:34","modified_gmt":"2025-04-13T20:26:34","slug":"nebulizador-2000-mlh","status":"publish","type":"product","link":"https:\/\/www.eco-sprayer.com\/pulverisateurs\/produit\/nebulizador-2000-mlh\/?lang=es","title":{"rendered":"Nebulizador DSVA de desinfecci\u00f3n por v\u00eda a\u00e9rea 2000 ml\/h"},"content":{"rendered":"<div id=\"tw-target-text-container\" class=\"tw-ta-container hide-focus-ring tw-nfl\" tabindex=\"0\">\n<pre id=\"tw-target-text\" class=\"tw-data-text tw-text-large XcVN5d tw-ta\" dir=\"ltr\" data-placeholder=\"Traduction\"><span lang=\"es\">Desinfecci\u00f3n a\u00e9rea<\/span><\/pre>\n<\/div>\n<p class=\"\"><span lang=\"es\">Equipado con tecnolog\u00eda de disco giratorio, este innovador dispositivo permite un perfecto control de la difusi\u00f3n, para la desinfecci\u00f3n a\u00e9rea de superficies (DSVA)<\/span>. Control de riesgos infecciosos, descontaminaci\u00f3n de un lugar de hasta 384 m3 (hospitales, laboratorios, industria farmac\u00e9utica, agroalimentario, cosm\u00e9ticos, biotecnolog\u00eda, zoot\u00e9cnica y log\u00edstica, ambulancias, tiendas de mascotas, veterinarios, bacteriolog\u00eda, escuelas .. ) aparatos de mesa muy ligeros de 6 kg.<\/p>\n<h3>Operaci\u00f3n<\/h3>\n<p class=\"\">Con una velocidad de 2000 ml\/h, esta mesa nebulizadora vertical funciona en el sector. Su difusi\u00f3n se lleva a cabo por medio de un ventilador cuyo aliento lleva las gotas de aerosol al local para defecar. Alimentado por una bomba perist\u00e1ltica que aspira el l\u00edquido a difundir desde un 0,5 litros se puede conectar al nebulizador mediante una manguera de silicona.<br \/>\n<strong>La programaci\u00f3n del nebulizador<\/strong> se lleva a cabo ajustando los botones alineados cerca de la pantalla de visualizaci\u00f3n integrada. Con estos ajustes, el atomizador puede <strong>funcionar de forma continua o alternando<\/strong> ciclos de difusi\u00f3n y pausa. Si la emisi\u00f3n se programa continuamente, todo el l\u00edquido se roc\u00eda a la vez. Con pausas, el l\u00edquido puede durar m\u00e1s tiempo. Para calcular la duraci\u00f3n de la pulverizaci\u00f3n por aire, el volumen de l\u00edquido debe dividirse por el flujo de la m\u00e1quina. As\u00ed, un volumen de 1000 ml de l\u00edquido se rociar\u00e1 en 30 minutos con un dispositivo cuyo flujo es de 2000 ml\/h sin pausa.<\/p>\n<p><strong>Para programar el utensilio,<\/strong>simplemente ajuste las diferentes funciones correctamente.<br \/>\nPara fijar los ciclos de pulverizaci\u00f3n, est\u00e1 la funci\u00f3n C (ciclos), que se puede programar de 1 a 99. El streaming se logra ajustando C al valor 1. El tiempo de pulverizaci\u00f3n se obtiene ajustando la funci\u00f3n D (duraci\u00f3n), programable de 0 a 99 minutos y 59 segundos. Cada ciclo de pulverizaci\u00f3n eficaz se programa ajustando D en 1 segundo paso. Para el volumen de 1000 ml de l\u00edquido del ejemplo anterior, 10 ciclos de 3 minutos cada uno difundir\u00e1 el conjunto con el flujo de 2000ml\/h.<br \/>\nLas pausas entre cada ciclo se realizan con la funci\u00f3n R (retardo), que es programable de 0 a 9 horas y 59 minutos. Esta es la duraci\u00f3n de la difusi\u00f3n del l\u00edquido alternando con el tiempo de descanso, que se programar\u00e1n por pasos de 1 minuto. Con un tiempo de interrupci\u00f3n de 5 minutos entre cada ciclo de transmisi\u00f3n de 3 minutos previamente establecido, el nebulizador comenzar\u00e1 a emitir despu\u00e9s de 5 minutos. Roc\u00eda durante 3 minutos y luego se detiene durante 5 minutos de nuevo antes de reanudar la radiodifusi\u00f3n, durante un total de 80 minutos, con el fin de agotar los 1000 ml del ejemplo.<\/p>\n<h3 class=\"\">Otros controles y funciones<\/h3>\n<p>Equipado con una l\u00e1mpara LED, el nebulizador se puede ver desde lejos para controlar su correcto funcionamiento. El disco del nebulizador se apaga autom\u00e1ticamente cuando el sensor de presencia de l\u00edquido ascendente (CPL) ya no recoge l\u00edquidos. Por lo tanto, no es probable que el agotamiento del contenido de la lata cause problemas.<br \/>\nAl final de la dispersi\u00f3n, se activa el drenaje autom\u00e1tico del sistema hidr\u00e1ulico, enviando el l\u00edquido restante sin volver a lata.<br \/>\nEl nebulizador puede <strong>atomizar todo tipo de l\u00edquidos, viscosos o no inflamables y no inflamables,<\/strong>compatibles con novopreno, grasa diet\u00e9tica, acero inoxidable 304L, PTFE y silicona (uni\u00f3n). Para evitar la aparici\u00f3n de dep\u00f3sito con ciertos l\u00edquidos, el sistema hidr\u00e1ulico debe limpiarse. Esta limpieza se realiza simplemente colocando l\u00edquido de limpieza en el sistema hidr\u00e1ulico y luego programando una secuencia de dispersi\u00f3n.<\/p>\n<h3><strong>Tiempo de funcionamiento de la caja de hormig\u00f3n para 100m3:<\/strong><\/h3>\n<p><strong>Para una m\u00e1quina <u>de 2000 ml\/m3,<\/u><\/strong> <strong>por ejemplo,<\/strong>una pieza de 45 m2 (alrededor de 100m3) el tiempo de pulverizaci\u00f3n ser\u00e1 de 24 minutos para 800 ml de producto. El c\u00e1lculo es: 100m3 x 8ml\/m3 &#8211; 800 ml (cantidad de l\u00edquido a utilizar para 90m3). Para una m\u00e1quina 2000 ml\/h el tiempo de emisi\u00f3n es de 24 minutos: 60 minutos x 800 ml &#8211; 2000 ml\/h &#8211; 24 minutos ser\u00e1 de 34 minutos para una m\u00e1quina de 1400ml\/h. Despu\u00e9s de la niebla tienes que dejar que el producto funcione. El tiempo de contacto se puede reducir dependiendo de la concentraci\u00f3n del producto, por ejemplo, para 5ml\/m3 el tiempo recomendado es de 2 horas para 10ml\/m3 se puede reducir.<\/p>\n","protected":false},"excerpt":{"rendered":"<p>Equipado con la tecnolog\u00eda del disco giratorio este dispositivo tecnol\u00f3gico permite un perfecto dominio de la difusi\u00f3n, para la desinfecci\u00f3n por superficies de aire (DSVA). \u00a1Eficiencia, velocidad, facilidad!<\/p>\n<p><span style=\"color: #ff6600;\">Para las m\u00e1quinas est\u00e1n en stock que est\u00e1n disponibles en 3\/4 d\u00edas laborables<\/span><\/p>\n","protected":false},"featured_media":409,"comment_status":"open","ping_status":"closed","template":"","meta":[],"product_cat":[126],"product_tag":[],"class_list":{"0":"post-461","1":"product","2":"type-product","3":"status-publish","4":"has-post-thumbnail","6":"product_cat-dispositivo-de-desinfeccion-aire-aire","8":"first","9":"instock","10":"downloadable","11":"taxable","12":"shipping-taxable","13":"product-type-simple"},"_links":{"self":[{"href":"https:\/\/www.eco-sprayer.com\/pulverisateurs\/wp-json\/wp\/v2\/product\/461","targetHints":{"allow":["GET"]}}],"collection":[{"href":"https:\/\/www.eco-sprayer.com\/pulverisateurs\/wp-json\/wp\/v2\/product"}],"about":[{"href":"https:\/\/www.eco-sprayer.com\/pulverisateurs\/wp-json\/wp\/v2\/types\/product"}],"replies":[{"embeddable":true,"href":"https:\/\/www.eco-sprayer.com\/pulverisateurs\/wp-json\/wp\/v2\/comments?post=461"}],"version-history":[{"count":0,"href":"https:\/\/www.eco-sprayer.com\/pulverisateurs\/wp-json\/wp\/v2\/product\/461\/revisions"}],"wp:featuredmedia":[{"embeddable":true,"href":"https:\/\/www.eco-sprayer.com\/pulverisateurs\/wp-json\/wp\/v2\/media\/409"}],"wp:attachment":[{"href":"https:\/\/www.eco-sprayer.com\/pulverisateurs\/wp-json\/wp\/v2\/media?parent=461"}],"wp:term":[{"taxonomy":"product_cat","embeddable":true,"href":"https:\/\/www.eco-sprayer.com\/pulverisateurs\/wp-json\/wp\/v2\/product_cat?post=461"},{"taxonomy":"product_tag","embeddable":true,"href":"https:\/\/www.eco-sprayer.com\/pulverisateurs\/wp-json\/wp\/v2\/product_tag?post=461"}],"curies":[{"name":"wp","href":"https:\/\/api.w.org\/{rel}","templated":true}]}}