{"id":456,"date":"2017-06-19T10:48:40","date_gmt":"2020-07-01T07:43:18","guid":{"rendered":"https:\/\/www.eco-sprayer.com\/pulverisateurs\/produit\/dispositivo-de-desinfeccion-del-aire-1400-ml-h\/"},"modified":"2026-04-29T02:12:50","modified_gmt":"2026-04-29T00:12:50","slug":"nebulizador-1400-mlh","status":"publish","type":"product","link":"https:\/\/www.eco-sprayer.com\/pulverisateurs\/produit\/nebulizador-1400-mlh\/?lang=es","title":{"rendered":"Dispositivo de desinfecci\u00f3n del aire 1400 ml\/h"},"content":{"rendered":"<h3>Desinfecci\u00f3n del aire de los locales<\/h3>\n<p class=\"\">Equipado con la tecnolog\u00eda del torneado de disco este dispositivo de \u00faltima generaci\u00f3n permite, un control perfecto de la difusi\u00f3n, para la desinfecci\u00f3n por superficies de aire (DSVA). Control de riesgos infecciosos, descontaminaci\u00f3n de un lugar de hasta 330 m3 (hospitales, laboratorios, industria farmac\u00e9utica, agroalimentario, cosm\u00e9ticos, biotecnolog\u00eda, zoot\u00e9cnica y log\u00edstica, ambulancias, tiendas de mascotas, veterinarios, bacteriolog\u00eda, escuelas .. ) aparatos de mesa muy ligeros de 6 kg.<\/p>\n<h3>Operaci\u00f3n<\/h3>\n<p class=\"\">Con una velocidad de 1400 ml\/h, esta mesa nebulizadora vertical funciona en el sector. Su difusi\u00f3n se lleva a cabo mediante un disco giratorio y un ventilador cuya respiraci\u00f3n provoca las gotas de aerosol a la sala desinfectante. Alimentado por una bomba perist\u00e1ltica que aspira el l\u00edquido a difundir de un 1 litro o 0,5 litros se puede conectar al nebulizador por una manguera de silicona.<br \/>\n<strong>La programaci\u00f3n del nebulizador<\/strong> se lleva a cabo ajustando los botones alineados cerca de la pantalla de visualizaci\u00f3n integrada. Con estos ajustes, la niebla puede <strong>funcionar de forma continua o alternando<\/strong> los ciclos de difusi\u00f3n y pausa. Si la emisi\u00f3n se programa continuamente, todo el l\u00edquido se roc\u00eda a la vez. Con pausas, el l\u00edquido puede durar m\u00e1s tiempo. Para calcular la duraci\u00f3n de la pulverizaci\u00f3n por aire, el volumen de l\u00edquido debe dividirse por el flujo de la m\u00e1quina. As\u00ed, se pulverizar\u00e1 un volumen de 1000 ml de l\u00edquido en 43 minutos con un dispositivo con un caudal de 1400 ml\/h.<\/p>\n<p><strong>Para programar el utensilio,<\/strong>simplemente ajuste las diferentes funciones correctamente.<br \/>\nPara fijar los ciclos de pulverizaci\u00f3n, est\u00e1 la funci\u00f3n C (ciclos), que se puede programar de 1 a 99. El streaming se logra ajustando C al valor1. El tiempo de pulverizaci\u00f3n se obtiene ajustando la funci\u00f3n D (duraci\u00f3n), programable de 0 a 99 minutos y 59 segundos. Cada ciclo de pulverizaci\u00f3n eficaz se programa ajustando D en 1 segundo paso. Para el volumen de 1000 ml de l\u00edquido del ejemplo anterior, 10 ciclos de 3 minutos cada uno difundir\u00e1 el conjunto con el flujo de 1400ml\/h.<br \/>\nLas pausas entre cada ciclo se realizan con la funci\u00f3n R (retardo), que es programable de 0 a 9 horas y 59 minutos. Esta es la duraci\u00f3n de la difusi\u00f3n del l\u00edquido alternando con el tiempo de descanso, que se programar\u00e1n por pasos de 1 minuto. Con un tiempo de interrupci\u00f3n de 5 minutos entre cada ciclo de transmisi\u00f3n de 3 minutos previamente establecido, el nebulizador comenzar\u00e1 a emitir despu\u00e9s de 5 minutos. Roc\u00eda durante 3 minutos y luego se detiene durante 5 minutos de nuevo antes de reanudar la radiodifusi\u00f3n, durante un total de 93 minutos, con el fin de agotar los 1000 ml del ejemplo.<\/p>\n<h3 class=\"\">Otros controles y funciones<\/h3>\n<p>Equipado con una l\u00e1mpara LED, el atomizador se puede ver desde lejos para controlar su correcto funcionamiento. El disco del nebulizador se apaga autom\u00e1ticamente cuando el sensor de presencia de l\u00edquido ascendente (CPL) ya no recoge l\u00edquidos. Por lo tanto, no es probable que el agotamiento del contenido de la lata cause problemas.<br \/>\nAl final de la dispersi\u00f3n, se activa el drenaje autom\u00e1tico del sistema hidr\u00e1ulico, enviando el l\u00edquido restante sin volver a lata.<br \/>\nEl nebulizador puede <strong>atomizar todo tipo de l\u00edquidos, viscosos o no inflamables y no inflamables,<\/strong>compatibles con novopreno, grasa diet\u00e9tica, acero inoxidable 304L, PTFE y silicona (uni\u00f3n).<\/p>\n<p>Para evitar la aparici\u00f3n de dep\u00f3sito con ciertos l\u00edquidos, el sistema hidr\u00e1ulico debe limpiarse. Esta limpieza se realiza simplemente colocando l\u00edquido de limpieza en el sistema hidr\u00e1ulico y luego programando una secuencia de dispersi\u00f3n.<\/p>\n<h3><strong>Tiempo de funcionamiento de la caja de hormig\u00f3n para 100m3:<\/strong><\/h3>\n<p><strong>Para una m\u00e1quina <u>de 1400 ml\/m3,<\/u><\/strong> <strong>por ejemplo,<\/strong>una pieza de 45 m2 (alrededor de 100m3) el tiempo de pulverizaci\u00f3n ser\u00e1 de 34 minutos para 800 ml de producto. El c\u00e1lculo es: 100m3 x 8ml\/m3 &#8211; 800 ml (cantidad de l\u00edquido a utilizar para 90m3). Para una m\u00e1quina 1400 ml\/h el tiempo de emisi\u00f3n es de 34 minutos: 60 minutos x 800 ml &#8211; 1400 ml\/h &#8211; 30,28 minutos ser\u00e1 de 24 minutos para una m\u00e1quina de 2000ml\/h. Despu\u00e9s de la niebla del producto se permite actuar. El tiempo de contacto se puede reducir dependiendo de la concentraci\u00f3n del producto, por ejemplo, para 5ml\/m3 el tiempo recomendado es de 2 horas para 10ml\/m3 se puede reducir.<\/p>\n<h3>Equipo<\/h3>\n<p>Es aconsejable protegerse al entrar en la habitaci\u00f3n que ha sido descontaminada. La habitaci\u00f3n estaba quemada, saturada de desinfecci\u00f3n formando una niebla uniforme. Las gotas suspendidas pueden persistir, por lo que es aconsejable usar una m\u00e1scara qu\u00edmica y gafas para proteger sus membranas mucosas de los productos qu\u00edmicos. Ventilar bien una vez que la operaci\u00f3n haya terminado.<\/p>\n<p>&nbsp;<\/p>\n","protected":false},"excerpt":{"rendered":"<p>Equipado con un disco giratorio este dispositivo tecnol\u00f3gico permite, un perfecto dominio de la difusi\u00f3n para la desinfecci\u00f3n del aire de superficies (DSVA). Cumple con las normas de desinfecci\u00f3n AFNOR NT-72 281.<\/p>\n<p><span style=\"color: #ff6600;\">Para las m\u00e1quinas est\u00e1n en stock que est\u00e1n disponibles en 3\/4 d\u00edas laborables<\/span><\/p>\n","protected":false},"featured_media":457,"comment_status":"open","ping_status":"closed","template":"","meta":[],"product_cat":[126],"product_tag":[],"class_list":{"0":"post-456","1":"product","2":"type-product","3":"status-publish","4":"has-post-thumbnail","6":"product_cat-dispositivo-de-desinfeccion-aire-aire","8":"first","9":"instock","10":"taxable","11":"shipping-taxable","12":"product-type-simple"},"_links":{"self":[{"href":"https:\/\/www.eco-sprayer.com\/pulverisateurs\/wp-json\/wp\/v2\/product\/456","targetHints":{"allow":["GET"]}}],"collection":[{"href":"https:\/\/www.eco-sprayer.com\/pulverisateurs\/wp-json\/wp\/v2\/product"}],"about":[{"href":"https:\/\/www.eco-sprayer.com\/pulverisateurs\/wp-json\/wp\/v2\/types\/product"}],"replies":[{"embeddable":true,"href":"https:\/\/www.eco-sprayer.com\/pulverisateurs\/wp-json\/wp\/v2\/comments?post=456"}],"version-history":[{"count":0,"href":"https:\/\/www.eco-sprayer.com\/pulverisateurs\/wp-json\/wp\/v2\/product\/456\/revisions"}],"wp:featuredmedia":[{"embeddable":true,"href":"https:\/\/www.eco-sprayer.com\/pulverisateurs\/wp-json\/wp\/v2\/media\/457"}],"wp:attachment":[{"href":"https:\/\/www.eco-sprayer.com\/pulverisateurs\/wp-json\/wp\/v2\/media?parent=456"}],"wp:term":[{"taxonomy":"product_cat","embeddable":true,"href":"https:\/\/www.eco-sprayer.com\/pulverisateurs\/wp-json\/wp\/v2\/product_cat?post=456"},{"taxonomy":"product_tag","embeddable":true,"href":"https:\/\/www.eco-sprayer.com\/pulverisateurs\/wp-json\/wp\/v2\/product_tag?post=456"}],"curies":[{"name":"wp","href":"https:\/\/api.w.org\/{rel}","templated":true}]}}