{"id":44,"date":"2017-06-19T10:48:40","date_gmt":"2017-06-19T08:48:40","guid":{"rendered":"http:\/\/eco-sprayer.com\/wordpress\/?post_type=product&#038;p=44"},"modified":"2024-02-12T11:26:54","modified_gmt":"2024-02-12T10:26:54","slug":"nebuliseur-1400-mlh","status":"publish","type":"product","link":"https:\/\/www.eco-sprayer.com\/pulverisateurs\/produit\/nebuliseur-1400-mlh\/","title":{"rendered":"Appareil de d\u00e9sinfection par voie a\u00e9rienne 1400 ml\/h"},"content":{"rendered":"<h3>La d\u00e9sinfection par voie a\u00e9rienne des locaux<\/h3>\n<p class=\"\">Dot\u00e9 de la technologie du disque tournant cette appareil derni\u00e8re g\u00e9n\u00e9ration permet, une maitrise parfaite de diffusion, pour de la d\u00e9sinfection par voie a\u00e9rienne de surfaces (DSVA). Maitrise des risques infectieux, d\u00e9contamination d&#8217;un lieux jusqu\u2019\u00e0 330 m3 (h\u00f4pitaux, laboratoires, industrie pharmaceutique, agroalimentaire, cosm\u00e9tique, biotechnologies, la zootechnie et la logistique, ambulances, animaleries, v\u00e9t\u00e9rinaires, bact\u00e9riologie, \u00e9coles .. ) appareil de table tr\u00e8s l\u00e9ger de 6 kg. Les n\u00e9buliseurs sont des appareils qui transforment des liquides en fines particules. Ils peuvent \u00eatre utilis\u00e9s pour diffuser des d\u00e9sinfectants dans l&#8217;air, tels que le peroxyde d&#8217;hydrog\u00e8ne, l&#8217;ozone ou l&#8217;hypochlorite de sodium (nous consulter pour tout autres type de produits).<\/p>\n<h3>Fonctionnement<\/h3>\n<p class=\"\">D\u2019un d\u00e9bit de 1400\u00a0 ml\/h, ce n\u00e9buliseur de table \u00e0 n\u00e9bulisation verticale fonctionne sur secteur. Sa diffusion s\u2019effectue au moyen d&#8217;un disque tournant et d\u2019un ventilateur dont le souffle entra\u00eene les gouttelettes d\u2019a\u00e9rosol vers le local a d\u00e9sinfecter. Aliment\u00e9 par une pompe p\u00e9ristaltique qui aspire le liquide \u00e0 diffuser \u00e0 partir d\u2019un bidon de 1 litre ou de 0,5 litre reli\u00e9 au n\u00e9buliseur par un tuyau souple en silicone.<br \/>\n<strong>La programmation du n\u00e9buliseur<\/strong>\u00a0a lieu en r\u00e9glant les boutons poussoirs align\u00e9s pr\u00e8s de l\u2019\u00e9cran de visualisation int\u00e9gr\u00e9. Gr\u00e2ce \u00e0 ces r\u00e9glages, le brumisateur peut\u00a0<strong>fonctionner en continu ou en alternant<\/strong>\u00a0des cycles de diffusion et de pause. Si la diffusion est programm\u00e9e en continu, tout le liquide est pulv\u00e9ris\u00e9 en une seule fois. Avec des pauses, la diffusion du liquide peut durer plus longtemps. Pour calculer la dur\u00e9e de pulv\u00e9risation par voie a\u00e9rienne, il faut diviser le volume de liquide par le d\u00e9bit de la machine. Ainsi, un volume de 1000 ml de liquide sera pulv\u00e9ris\u00e9 en 43 minutes avec un appareil dont le d\u00e9bit est de 1400 ml\/h.<\/p>\n<p><strong>Pour programmer l&#8217;ustensile<\/strong>, il suffit de r\u00e9gler correctement les diff\u00e9rentes fonctions.<br \/>\nPour fixer les cycles de pulv\u00e9risation, il y a la fonction C (cycles), pouvant \u00eatre programm\u00e9e de 1 \u00e0 99. La diffusion en continu s\u2019obtient en r\u00e9glant C sur la valeur1. La dur\u00e9e de pulv\u00e9risation s\u2019obtient en r\u00e9glant la fonction D (dur\u00e9e), programmable de 0 \u00e0 99 minutes et 59 secondes. Chaque cycle de pulv\u00e9risation effective est programm\u00e9 en r\u00e9glant D par pas de 1 seconde. Pour le volume de 1000 ml de liquide de l\u2019exemple pr\u00e9c\u00e9dent, 10 cycles de 3 minutes chacun vont diffuser la totalit\u00e9 avec le d\u00e9bit de 1400ml\/h.<br \/>\nL\u2019\u00e9tablissement des pauses entre chaque cycle s\u2019obtient avec la fonction R (retard), qui est programmable de 0 \u00e0 9 heures et 59 minutes. C\u2019est la dur\u00e9e de la diffusion de liquide alternant avec le temps de repos, \u00e0 programmer par pas de 1 minute. Avec un temps de pause de 5 minutes entre chaque cycle de diffusion 3 minutes fix\u00e9 pr\u00e9c\u00e9demment, le n\u00e9buliseur va commencer \u00e0 diffuser apr\u00e8s 5 minutes. Il pulv\u00e9rise pendant 3 minutes puis cessera pendant 5 minutes \u00e0 nouveau avant de reprendre la diffusion, et ceci pendant 93 minutes au total, afin d\u2019\u00e9puiser les 1000 ml de l\u2019exemple.<\/p>\n<h3 class=\"\">Les autres contr\u00f4les et fonctions<\/h3>\n<p>Muni d\u2019une lampe LED, l &#8216;atomiseur peut \u00eatre visualis\u00e9 de loin pour contr\u00f4ler son fonctionnement ad\u00e9quat. Le disque du n\u00e9buliseur s\u2019arr\u00eate automatiquement lorsque le capteur de pr\u00e9sence de liquide (CPL) situ\u00e9 en amont ne per\u00e7oit plus aucun liquide. L\u2019\u00e9puisement du contenu du bidon ne risque donc pas de causer de probl\u00e8mes.<br \/>\nA la fin de la diffusion, la vidange automatique du circuit hydraulique se d\u00e9clenche,\u00a0 renvoyant le reste de liquide non pulv\u00e9ris\u00e9 dans le bidon.<br \/>\nLe n\u00e9buliseur peut <strong>atomiser tous types de liquides, visqueux ou non et non inflammables<\/strong>,\u00a0\u00a0 compatible avec le novoprene, la graisse alimentaire, l\u2019acier inox 304L, le PTFE et le silicone (joint).<\/p>\n<p>Pour pr\u00e9venir l\u2019apparition de d\u00e9p\u00f4t avec certains liquides, il faut nettoyer le circuit hydraulique. Ce nettoyage se fait simplement en pla\u00e7ant du liquide nettoyant dans le circuit hydraulique, puis en programmant une s\u00e9quence de diffusion.<\/p>\n<h3><strong>Cas concret dur\u00e9e de fonctionnement pour 100m3 :<\/strong><\/h3>\n<p><strong>Pour une machine <u>1400 ml\/m3<\/u>, \u00e0<\/strong> titre <strong>d\u2019exemple<\/strong>, une piece de 45 m2 (environs 100m3) le temps de pulv\u00e9risation sera de 34 minutes pour 800 ml de produit . Le calcul est : 100m3 x 8ml\/m3 = 800 ml (quantit\u00e9 de liquide a utiliser pour 90m3) . Pour une machine\u00a0 1400 ml \/h temps de diffusion est de 34 minutes : 60 minutes x 800 ml \u00f7 1400 ml\/h = 30,28 minutes il sera de 24 minutes pour une machine 2000ml\/h.\u00a0 Apr\u00e8s brumisation on laisse agir le produit. Le temps de contact peut \u00eatre diminu\u00e9 en fonction de la concentration du produit, par exemple pour 5ml\/m3 le temps conseill\u00e9 est de 2 heures pour 10ml\/m3 il peut \u00eatre r\u00e9duit\u00a0 .<\/p>\n<h3>\u00c9quipement<\/h3>\n<p>Il est conseill\u00e9 de bien se prot\u00e9ger quand on rentre dans la pi\u00e8ce qui a \u00e9t\u00e9 d\u00e9contamin\u00e9e. La pi\u00e8ce \u00e0 \u00e9t\u00e9 brumis\u00e9e, satur\u00e9e en produit de d\u00e9sinfection formant un brouillard uniforme. Des gouttelettes en suspensions peuvent perdurer, il est conseill\u00e9 de s\u2019\u00e9quiper avec un masque chimique et des lunettes de protections afin de prot\u00e9ger vos muqueuses des produits chimiques. Bien a\u00e9rer une fois l&#8217;op\u00e9ration finie.<\/p>\n<h3 class=\"\">Gen\u00e9ralit\u00e9s :<\/h3>\n<p><span style=\"text-decoration: underline;\">La d\u00e9sinfection par voie a\u00e9rienne<\/span> fait r\u00e9f\u00e9rence \u00e0 la m\u00e9thode de d\u00e9sinfection qui vise \u00e0 <strong>\u00e9liminer les microorganismes pr\u00e9sents dans l&#8217;air<\/strong> en utilisant diff\u00e9rents types d&#8217;appareils. Ces appareils diffusent des agents d\u00e9sinfectants dans l&#8217;air, tels que des gaz, des liquides ou des particules, qui sont capables de tuer les microorganismes pr\u00e9sents dans l&#8217;air.<\/p>\n<p>La d\u00e9sinfection par voie a\u00e9rienne est souvent utilis\u00e9e dans des environnements o\u00f9 la transmission a\u00e9rienne de pathog\u00e8nes est une pr\u00e9occupation, tels que les <strong>h\u00f4pitaux, les laboratoires, les salles de soins, les avions, les centres commerciaux, les salles de sport et les \u00e9tablissements de restauration<\/strong>. Elle est particuli\u00e8rement importante pour <span style=\"text-decoration: underline;\">pr\u00e9venir la propagation des maladies infectieuses<\/span>.<\/p>\n","protected":false},"excerpt":{"rendered":"<p>Dot\u00e9 d&#8217;un disque tournant cette appareil technologique permet, une maitrise\u00a0 de diffusion parfaite pour de la d\u00e9sinfection par voie a\u00e9rienne de surfaces (DSVA). Conforme aux normes AFNOR de d\u00e9sinfection NT-72 281.<\/p>\n<p><span style=\"color: #ff6600;\">Pour les machines sont en stocks elles sont livrables en 3\/4 jours ouvr\u00e9s<\/span><\/p>\n","protected":false},"featured_media":78,"comment_status":"open","ping_status":"closed","template":"","meta":[],"product_cat":[60],"product_tag":[],"class_list":{"0":"post-44","1":"product","2":"type-product","3":"status-publish","4":"has-post-thumbnail","6":"product_cat-appareil-de-desinfection-par-voie-aerienne","8":"first","9":"instock","10":"taxable","11":"shipping-taxable","12":"product-type-simple"},"_links":{"self":[{"href":"https:\/\/www.eco-sprayer.com\/pulverisateurs\/wp-json\/wp\/v2\/product\/44","targetHints":{"allow":["GET"]}}],"collection":[{"href":"https:\/\/www.eco-sprayer.com\/pulverisateurs\/wp-json\/wp\/v2\/product"}],"about":[{"href":"https:\/\/www.eco-sprayer.com\/pulverisateurs\/wp-json\/wp\/v2\/types\/product"}],"replies":[{"embeddable":true,"href":"https:\/\/www.eco-sprayer.com\/pulverisateurs\/wp-json\/wp\/v2\/comments?post=44"}],"version-history":[{"count":0,"href":"https:\/\/www.eco-sprayer.com\/pulverisateurs\/wp-json\/wp\/v2\/product\/44\/revisions"}],"wp:featuredmedia":[{"embeddable":true,"href":"https:\/\/www.eco-sprayer.com\/pulverisateurs\/wp-json\/wp\/v2\/media\/78"}],"wp:attachment":[{"href":"https:\/\/www.eco-sprayer.com\/pulverisateurs\/wp-json\/wp\/v2\/media?parent=44"}],"wp:term":[{"taxonomy":"product_cat","embeddable":true,"href":"https:\/\/www.eco-sprayer.com\/pulverisateurs\/wp-json\/wp\/v2\/product_cat?post=44"},{"taxonomy":"product_tag","embeddable":true,"href":"https:\/\/www.eco-sprayer.com\/pulverisateurs\/wp-json\/wp\/v2\/product_tag?post=44"}],"curies":[{"name":"wp","href":"https:\/\/api.w.org\/{rel}","templated":true}]}}