{"id":416,"date":"2019-12-21T19:05:56","date_gmt":"2020-07-01T07:37:48","guid":{"rendered":"https:\/\/www.eco-sprayer.com\/pulverisateurs\/produit\/desinfectante-peracetique-acid-descontamination-by-air\/"},"modified":"2020-07-01T09:37:48","modified_gmt":"2020-07-01T07:37:48","slug":"producto-de-desinfeccion","status":"publish","type":"product","link":"https:\/\/www.eco-sprayer.com\/pulverisateurs\/produit\/producto-de-desinfeccion\/?lang=es","title":{"rendered":"Desinfectante Perac\u00e9tique acid descontamination by air"},"content":{"rendered":"<h1>Acido perac\u00e9tico: la informaci\u00f3n que necesita saber<\/h1>\n<p>El \u00e1cido perac\u00e9tico, tambi\u00e9n conocido como \u00e1cido peroxic\u00e9tico o APA, es un compuesto qu\u00edmico org\u00e1nico multiprop\u00f3sito. Su uso se ha convertido en un h\u00e1bito en diferentes \u00e1reas debido a sus grandes propiedades.<\/p>\n<p style=\"text-align: center;\"><em><span style=\"color: #ff0000;\"><strong><u><a style=\"color: #ff0000;\" href=\"https:\/\/www.eco-sprayer.com\/#form1-6\">Para cualquier solicitud o pedido por favor cont\u00e1ctenos<\/a><\/u><\/strong><\/span><\/em><\/p>\n<p><span style=\"color: #ff0000;\"><strong>Compra de 10L Can<\/strong><\/span><\/p>\n<p><strong>Cantidades requeridas:<\/strong><\/p>\n<p>&#8211; Para la infecci\u00f3n por aire DSVA: 6ml\/m3<\/p>\n<p>-Para desodorizaci\u00f3n 1ml\/m3<\/p>\n<p>Producto para la desinfecci\u00f3n del aire de los locales:<br \/>\nCentros de salud, residencias de ancianos, laboratorio, ambulancias<br \/>\nComunidades&#8230;<\/p>\n<p>Normas de designaci\u00f3n<br \/>\n<strong>BACTERICIDIA<\/strong><\/p>\n<p>NFT 72-150<br \/>\nNFT 72-150 vs. M.smegmatis<br \/>\nNFT 72-300 activo en M.tuberculosis<br \/>\nFONGICIDIE NFT 72-200 en C.albicans<br \/>\nNFT 72-300 en C.albicans<\/p>\n<h2>Desinfectante y esterilizador eficaces<\/h2>\n<p>Hasta la fecha, <strong>los desinfectantes del \u00e1cido perac\u00e9tico<\/strong> siguen siendo uno de los productos m\u00e1s utilizados para eliminar todos los <strong>g\u00e9rmenes y virus.<\/strong> En el campo <strong>m\u00e9dico,<\/strong>los agentes basados en este oxidante eliminan los contaminantes superficiales (principalmente prote\u00ednas) en varios dispositivos como el tubo endosc\u00f3pico; una m\u00e1quina automatizada que utiliza \u00e1cido perac\u00e9tico para esterilizar qu\u00edmicamente instrumentos m\u00e9dicos, quir\u00fargicos y dentales.<\/p>\n<p>La limpieza es esencial en cualquier entorno de producci\u00f3n o de atenci\u00f3n m\u00e9dica donde una persona o producto pueda transportar pat\u00f3genos. Los pat\u00f3genos son da\u00f1inos para las personas enfermas o inmunodeprimidas. Las medidas de descontaminaci\u00f3n y esterilizaci\u00f3n garantizan que los productos, envases y herramientas no sirvan como vectores y transmitan <strong>bacterias, hongos, esporas o virus<\/strong> a pacientes vulnerables.<\/p>\n<p>Pa es un excelente agente <strong>espor\u00edcidio<\/strong> y perfecto para la desinfecci\u00f3n<strong> de amplio espectro<\/strong> para salas limpias. No deja residuos, permanece activo durante la exposici\u00f3n a la materia org\u00e1nica (como la sangre), es respetuoso con el medio ambiente y es eficaz contra microbios y esporas con un tiempo de ciclo r\u00e1pido.<\/p>\n<h2>Los componentes del producto<\/h2>\n<p>Esto es el resultado de la reacci\u00f3n de acrid ac\u00e9tico y per\u00f3xido de hidr\u00f3geno con un catalizador \u00e1cido. El \u00e1cido perac\u00e9tico es un l\u00edquido incoloro con un fuerte olor amargo y picante. Se utiliza en diferentes sectores como el bactericida y el fungicida, especialmente en la desinfecci\u00f3n a\u00e9rea y el procesamiento de alimentos. Es una excelente alternativa como reactivo en la fabricaci\u00f3n de caprolactamo y glicerol. Sin embargo, tambi\u00e9n puede ser un buen oxidante para la preparaci\u00f3n de compuestos epoxi; agente blanqueador; agente esterilizante; catalizador de polimerizaci\u00f3n para resinas de poli\u00e9ster.<\/p>\n<p>Para usos dom\u00e9sticos, el producto se encuentra en soluciones estabilizadas. Estas mezclas contienen \u00e1cido ac\u00e9tico, per\u00f3xido de hidr\u00f3geno y agua.<\/p>\n<h2>Sus diferentes usos<\/h2>\n<p>Gracias a sus m\u00faltiples atractivos, este oxidante est\u00e1 fuertemente presente en los principales sectores: agroalimentario, textiles, limpieza, construcci\u00f3n, medicina&#8230; Por ejemplo, el producto se utiliza como <strong>desinfectante qu\u00edmico en<\/strong>el cuidado de la salud, la industria alimentaria y durante el tratamiento del agua. El \u00e1cido perac\u00e9tico tambi\u00e9n se puede utilizar para dise\u00f1ar intermediarios artificiales en productos farmac\u00e9uticos.<\/p>\n<p>Muchos usuarios saben que el \u00e1cido perac\u00e9tico es vers\u00e1til y eficaz. Esta es la raz\u00f3n por la que los profesionales con responsabilidades ambientales consideran que es biot\u00f3topos debido a sus resultados de descomposici\u00f3n. Sin embargo, los higienistas industriales reconocen que tambi\u00e9n es altamente corrosivo y un oxidante potente. La exposici\u00f3n al \u00e1cido perac\u00e9tico puede irritar seriamente los ojos, la piel y el sistema respiratorio. Como sustancia corrosiva, causa ojos llorosos, molestias extremas e irritaci\u00f3n del tracto respiratorio superior en los seres humanos incluso cuando el contacto con concentraciones tan bajas como 15,6 mg de \u00e1cido perac\u00e9tico\/m3 (5 ppm) durante s\u00f3lo 3 minutos. Para una seguridad \u00f3ptima, las industrias alimentaria y sanitaria disfrutan de un producto vendido en forma de concentrados de 1 a 5 y se diluyen antes de su uso.<\/p>\n","protected":false},"excerpt":{"rendered":"<p>Acido perac\u00e9tico: la informaci\u00f3n que necesita saber El \u00e1cido perac\u00e9tico, tambi\u00e9n conocido como \u00e1cido peroxic\u00e9tico o APA, es un compuesto qu\u00edmico org\u00e1nico multiprop\u00f3sito. Su uso se ha convertido en un h\u00e1bito en diferentes \u00e1reas debido a sus grandes propiedades. Para cualquier solicitud o pedido por favor cont\u00e1ctenos Compra de 10L Can Cantidades requeridas: &#8211; Para<a class=\"moretag\" href=\"https:\/\/www.eco-sprayer.com\/pulverisateurs\/produit\/producto-de-desinfeccion\/?lang=es\"><span class=\"screen-reader-text\">En savoir plus surDesinfectante Perac\u00e9tique acid descontamination by air<\/span>[&#8230;]<\/a><\/p>\n","protected":false},"featured_media":418,"comment_status":"open","ping_status":"closed","template":"","meta":[],"product_cat":[129],"product_tag":[],"class_list":{"0":"post-416","1":"product","2":"type-product","3":"status-publish","4":"has-post-thumbnail","6":"product_cat-producto-de-aerian-desinfection","8":"first","9":"instock","10":"taxable","11":"shipping-taxable","12":"product-type-simple"},"_links":{"self":[{"href":"https:\/\/www.eco-sprayer.com\/pulverisateurs\/wp-json\/wp\/v2\/product\/416","targetHints":{"allow":["GET"]}}],"collection":[{"href":"https:\/\/www.eco-sprayer.com\/pulverisateurs\/wp-json\/wp\/v2\/product"}],"about":[{"href":"https:\/\/www.eco-sprayer.com\/pulverisateurs\/wp-json\/wp\/v2\/types\/product"}],"replies":[{"embeddable":true,"href":"https:\/\/www.eco-sprayer.com\/pulverisateurs\/wp-json\/wp\/v2\/comments?post=416"}],"version-history":[{"count":0,"href":"https:\/\/www.eco-sprayer.com\/pulverisateurs\/wp-json\/wp\/v2\/product\/416\/revisions"}],"wp:featuredmedia":[{"embeddable":true,"href":"https:\/\/www.eco-sprayer.com\/pulverisateurs\/wp-json\/wp\/v2\/media\/418"}],"wp:attachment":[{"href":"https:\/\/www.eco-sprayer.com\/pulverisateurs\/wp-json\/wp\/v2\/media?parent=416"}],"wp:term":[{"taxonomy":"product_cat","embeddable":true,"href":"https:\/\/www.eco-sprayer.com\/pulverisateurs\/wp-json\/wp\/v2\/product_cat?post=416"},{"taxonomy":"product_tag","embeddable":true,"href":"https:\/\/www.eco-sprayer.com\/pulverisateurs\/wp-json\/wp\/v2\/product_tag?post=416"}],"curies":[{"name":"wp","href":"https:\/\/api.w.org\/{rel}","templated":true}]}}