{"id":410,"date":"2020-04-14T21:10:06","date_gmt":"2020-07-01T07:35:38","guid":{"rendered":"https:\/\/www.eco-sprayer.com\/pulverisateurs\/produit\/desinfeccion-de-nebulizadores-portatiles-pegasus\/"},"modified":"2024-10-18T09:33:33","modified_gmt":"2024-10-18T07:33:33","slug":"nebulizador-portatil-de-desinfeccion-pegasus","status":"publish","type":"product","link":"https:\/\/www.eco-sprayer.com\/pulverisateurs\/produit\/nebulizador-portatil-de-desinfeccion-pegasus\/?lang=es","title":{"rendered":"Desinfecci\u00f3n de nebulizadores port\u00e1tiles Pegasus"},"content":{"rendered":"<p>Su interfaz intuitiva facilita el procedimiento y tranquiliza al personal.<\/p>\n<p style=\"text-align: center;\"><span style=\"color: #ff6600;\"><strong> Ligero, robusto, eficiente, es consistente con la<\/strong><\/span><br \/>\n<span style=\"color: #ff6600;\"><strong>(NFT 72-281 Versi\u00f3n 2014).<\/strong><\/span><\/p>\n<h2><strong>Un concentrado de simplicidad<\/strong><\/h2>\n<p><strong><br \/>\n  <em>PEGASE\u00ae <\/em><br \/>\n<\/strong>es un nebulizador port\u00e1til Surface Disinfection By Airway (DSVA) que incorpora un sistema Vortex venturi controlado de 20 metros con un alcance de 20 metros, lo que resulta en niebla seca y fr\u00eda evitando el riesgo de corrosi\u00f3n.<\/p>\n<p>Compacto, robusto y ergon\u00f3mico, <strong><br \/>\n  <em>PEGASE\u00ae <\/em><br \/>\n<\/strong>incorpora una decapa de 90 segundos antes de la emisi\u00f3n y una alarma sonora progresiva para facilitar la vida cotidiana a los operadores.<\/p>\n<h3><span style=\"color: #ff6600;\"><strong>Una respuesta a su estrategia de gesti\u00f3n de riesgos<\/strong><\/span><\/h3>\n<p><strong><em>PEGASE\u00ae <\/em><\/p>\n<p><\/strong>cumple con la versi\u00f3n NF T 72-281 2014 en combinaci\u00f3n con el desinfectante listo para usar <strong><em>IODVA\u00ae.<\/em><\/p>\n<p><\/strong> Adem\u00e1s, gracias a su carcasa ABS, es f\u00e1cil de limpiar y extremadamente resistente a los golpes.<\/p>\n<h3><strong>Un<\/strong> <strong>proceso<\/strong> <strong>que<\/strong> <strong>se adapta <\/strong>a su <strong>organizaci\u00f3n&#8230;<\/strong><\/h3>\n<p><strong><br \/>\n  <em>PEGASE\u00ae <\/em><br \/>\n<\/strong>comienza al final del d\u00eda o cuando el \u00e1rea se libera y funciona sin necesidad de un operador.<\/p>\n<h3><span style=\"color: #ff6600;\">Vers\u00e1til, econ\u00f3mico&#8230;<\/span><\/h3>\n<p>Tanto la luz (5,3 Kg) como la potente pegase\u00ae le siguen<br \/>\nDonde quiera. Validado por NFT 72-281 Versi\u00f3n<br \/>\n2014 para una dosis muy econ\u00f3mica de 5ml\/m3,<br \/>\npuede procesar hasta 200m3 a la vez.<\/p>\n<h3><span style=\"color: #ff6600;\">&#8230; y respetuoso del medio ambiente:<\/span><\/h3>\n<p>El desinfectante no contiene residuos adyuvantes u org\u00e1nicos. El ciclo de desinfecci\u00f3n por nebulizaci\u00f3n seca termina con una degradaci\u00f3n total en ox\u00edgeno y agua libres, sin ning\u00fan residuo. IODVA\u00ae es un biocida TP2, TP4<br \/>\nseg\u00fan el Reglamento Europeo 2009\/107\/CE con el n\u00famero de autorizaci\u00f3n BC-LV 033912-15\/1 que contiene 7 per\u00f3xidos de hidr\u00f3geno y 0,45 \u00e1cido pac\u00edfico.<\/p>\n<hr>\n<p><span style=\"color: #ff6600;\"><strong>Caracter\u00edstica<\/strong><\/span><\/p>\n<p>M\u00ednimo mantenimiento y mantenimiento<br \/>\nVolumen m\u00e1ximo procesado: 200 m3<br \/>\nFlujo del dispositivo: 4 m3\/min<br \/>\nVolumen de recargas: 1 L<br \/>\nMateriales compatibles con H2O2<br \/>\nCumplimiento<br \/>\nPeso: 5.3 Kg<\/p>\n<p><span style=\"color: #ff6600;\"><strong>Descripci\u00f3n del dispositivo<\/strong><\/span><\/p>\n<p>Programaci\u00f3n del volumen a procesar<br \/>\nC\u00e1lculo autom\u00e1tico del tiempo<br \/>\nradiodifusi\u00f3n y el lanzamiento de la<br \/>\ntemporizador (90 seg.),<br \/>\nAlarma de sonido progresiva,<br \/>\nDimensiones: 300 x 300 mm,<br \/>\nLa movilidad facilita su agarre.<\/p>\n<p><strong><span style=\"color: #ff6600;\">Zonas de aplicaci\u00f3n<\/span><\/strong><\/p>\n<p>Guarder\u00edas, Casas de Retiro,<br \/>\nLaboratorios<br \/>\nZootecnia<br \/>\nSalas fr\u00edas,<br \/>\nHabitaciones para pacientes,<br \/>\nVeh\u00edculos sanitarios,<br \/>\nZonas de riesgo infeccioso.<\/p>\n","protected":false},"excerpt":{"rendered":"<p><strong>PEGASE\u00ae <\/strong>responde con simplicidad y precisi\u00f3n a las necesidades de desinfecci\u00f3n de superficies por v\u00edas respiratorias de vol\u00famenes entre 5 y 200m3.<\/p>\n","protected":false},"featured_media":412,"comment_status":"open","ping_status":"closed","template":"","meta":[],"product_cat":[126,129],"product_tag":[],"class_list":{"0":"post-410","1":"product","2":"type-product","3":"status-publish","4":"has-post-thumbnail","6":"product_cat-dispositivo-de-desinfeccion-aire-aire","7":"product_cat-producto-de-aerian-desinfection","8":"product_shipping_class-frais-de-livraison","10":"first","11":"instock","12":"taxable","13":"shipping-taxable","14":"product-type-simple"},"_links":{"self":[{"href":"https:\/\/www.eco-sprayer.com\/pulverisateurs\/wp-json\/wp\/v2\/product\/410","targetHints":{"allow":["GET"]}}],"collection":[{"href":"https:\/\/www.eco-sprayer.com\/pulverisateurs\/wp-json\/wp\/v2\/product"}],"about":[{"href":"https:\/\/www.eco-sprayer.com\/pulverisateurs\/wp-json\/wp\/v2\/types\/product"}],"replies":[{"embeddable":true,"href":"https:\/\/www.eco-sprayer.com\/pulverisateurs\/wp-json\/wp\/v2\/comments?post=410"}],"version-history":[{"count":0,"href":"https:\/\/www.eco-sprayer.com\/pulverisateurs\/wp-json\/wp\/v2\/product\/410\/revisions"}],"wp:featuredmedia":[{"embeddable":true,"href":"https:\/\/www.eco-sprayer.com\/pulverisateurs\/wp-json\/wp\/v2\/media\/412"}],"wp:attachment":[{"href":"https:\/\/www.eco-sprayer.com\/pulverisateurs\/wp-json\/wp\/v2\/media?parent=410"}],"wp:term":[{"taxonomy":"product_cat","embeddable":true,"href":"https:\/\/www.eco-sprayer.com\/pulverisateurs\/wp-json\/wp\/v2\/product_cat?post=410"},{"taxonomy":"product_tag","embeddable":true,"href":"https:\/\/www.eco-sprayer.com\/pulverisateurs\/wp-json\/wp\/v2\/product_tag?post=410"}],"curies":[{"name":"wp","href":"https:\/\/api.w.org\/{rel}","templated":true}]}}