{"id":401,"date":"2019-12-18T20:12:26","date_gmt":"2020-06-07T17:17:58","guid":{"rendered":"https:\/\/www.eco-sprayer.com\/pulverisateurs\/produit\/nebulizador-suspendido-oscilante-3000-15000-ml-h\/"},"modified":"2020-06-07T19:17:58","modified_gmt":"2020-06-07T17:17:58","slug":"nebulizador-mister-suspended-swing-3000-15-000-ml-h","status":"publish","type":"product","link":"https:\/\/www.eco-sprayer.com\/pulverisateurs\/produit\/nebulizador-mister-suspended-swing-3000-15-000-ml-h\/?lang=es","title":{"rendered":"Nebulizador suspendido oscilante 3000\/15,000 mL\/h"},"content":{"rendered":"<h1>Nebulizador oscilante suspendido programable. Flujo 3000 mL\/h (existe en 10.000 y 15.000 mL\/h)<\/h1>\n<section class=\"page-product-box\">\n<h3 class=\"page-product-heading\">Descripci\u00f3n err\u00f3nea<\/h3>\n<div class=\"rte\">\n<p>Este nebulizador es orientable y <strong>giratorio<\/strong> con el fin de difundir, quemar, cualquier l\u00edquido corrosivo o no en <strong>360 grados.<\/strong> Su ventilador equipado con un motor muy potente permitir\u00e1 la dispersi\u00f3n de l\u00edquidos en gotas ultra finas en atm\u00f3sferas de una manera homog\u00e9nea. La propulsi\u00f3n se realizar\u00e1 a lo largo de varios metros gracias a la potencia del ventilador, pudiendo as\u00ed manejar grandes vol\u00famenes<strong>en interior (grandes vol\u00famenes de hasta 380m3)<\/strong>as\u00ed como en exteriores<\/p>\n<\/div>\n<\/section>\n<p>Equipado con una bomba perist\u00e1ltica, una pantalla de visualizaci\u00f3n, la pulverizaci\u00f3n de productos se puede llevar a cabo a la vez o de forma c\u00edclica.<\/p>\n<section class=\"page-product-box\">\n<div class=\"rte\">\n<p><strong>Programaci\u00f3n de la m\u00e1quina:<\/strong> Para un <strong>d\u00e9bito<\/strong> de 3000 mL\/h se tarda 10 minutos en rociar 500 Ml de productos. Esto se puede rociar con la funci\u00f3n <strong>de ciclo del dispositivo<\/strong> en 1 o 99 veces! ciclo que permite una divisi\u00f3n de 1 a 99 veces. La <strong>funci\u00f3n de duraci\u00f3n, puede determinar la duraci\u00f3n de cada ciclo en funci\u00f3n de la cantidad de producto.<\/strong> Un ciclo puede ser de 0 a 99 minutos. Tambi\u00e9n hay una funci\u00f3n de tiempo que determina un tiempo de pausa entre cada ciclo.<\/p>\n<p>Munit:<\/p>\n<ul>\n<li><strong>Sensor de presencia de l\u00edquido<\/strong> con apagado autom\u00e1tico.<\/li>\n<li><strong>Led de control<\/strong> a una distancia de la operaci\u00f3n adecuada<\/li>\n<li><strong>Vaciado autom\u00e1tico<\/strong> de productos al final del ciclo (para que ning\u00fan producto permanezca en las tuber\u00edas)<\/li>\n<li><strong>Serie de varios dispositivos<\/strong> con control centralizado.<\/li>\n<li>Compatibilidad l\u00edquida: Todos los tipos de <strong>l\u00edquidos viscosos o no viscosos,<\/strong>no inflamables<\/li>\n<li>Electrodom\u00e9sticos <strong>de \u00e1cido de acero inoxidable<\/strong> 304L<\/li>\n<li>P\u00f3ngase en contacto con nosotros para obtener m\u00e1s informaci\u00f3n.<\/li>\n<\/ul>\n<\/div>\n<\/section>\n","protected":false},"excerpt":{"rendered":"<p><span style=\"color: #003366;\">Nebulizador rotativo suspendido de alto volumen, \u00fanico o serial.<\/span><\/p>\n","protected":false},"featured_media":642,"comment_status":"open","ping_status":"closed","template":"","meta":[],"product_cat":[126,125],"product_tag":[],"class_list":{"0":"post-401","1":"product","2":"type-product","3":"status-publish","4":"has-post-thumbnail","6":"product_cat-dispositivo-de-desinfeccion-aire-aire","7":"product_cat-eco-sprayer-es","8":"product_shipping_class-livraison-gratuite","10":"first","11":"instock","12":"taxable","13":"shipping-taxable","14":"product-type-simple"},"_links":{"self":[{"href":"https:\/\/www.eco-sprayer.com\/pulverisateurs\/wp-json\/wp\/v2\/product\/401","targetHints":{"allow":["GET"]}}],"collection":[{"href":"https:\/\/www.eco-sprayer.com\/pulverisateurs\/wp-json\/wp\/v2\/product"}],"about":[{"href":"https:\/\/www.eco-sprayer.com\/pulverisateurs\/wp-json\/wp\/v2\/types\/product"}],"replies":[{"embeddable":true,"href":"https:\/\/www.eco-sprayer.com\/pulverisateurs\/wp-json\/wp\/v2\/comments?post=401"}],"version-history":[{"count":0,"href":"https:\/\/www.eco-sprayer.com\/pulverisateurs\/wp-json\/wp\/v2\/product\/401\/revisions"}],"wp:featuredmedia":[{"embeddable":true,"href":"https:\/\/www.eco-sprayer.com\/pulverisateurs\/wp-json\/wp\/v2\/media\/642"}],"wp:attachment":[{"href":"https:\/\/www.eco-sprayer.com\/pulverisateurs\/wp-json\/wp\/v2\/media?parent=401"}],"wp:term":[{"taxonomy":"product_cat","embeddable":true,"href":"https:\/\/www.eco-sprayer.com\/pulverisateurs\/wp-json\/wp\/v2\/product_cat?post=401"},{"taxonomy":"product_tag","embeddable":true,"href":"https:\/\/www.eco-sprayer.com\/pulverisateurs\/wp-json\/wp\/v2\/product_tag?post=401"}],"curies":[{"name":"wp","href":"https:\/\/api.w.org\/{rel}","templated":true}]}}