{"id":33,"date":"2017-06-13T14:24:14","date_gmt":"2017-06-13T12:24:14","guid":{"rendered":"http:\/\/eco-sprayer.com\/wordpress\/?post_type=product&#038;p=33"},"modified":"2024-07-10T10:53:02","modified_gmt":"2024-07-10T08:53:02","slug":"nebuliseur-800-mlh","status":"publish","type":"product","link":"https:\/\/www.eco-sprayer.com\/pulverisateurs\/produit\/nebuliseur-800-mlh\/","title":{"rendered":"N\u00e9buliseur brumisateur d\u00e9contamination s\u00e8che N1T800 Virus pathog\u00e8nes"},"content":{"rendered":"<h3>La d\u00e9sinfection par voie a\u00e9rienne<\/h3>\n<p class=\"\">Dot\u00e9 de la technologie du disque tournant cette appareil simple d&#8217;utilisation, performant, permet\u00a0 une\u00a0 d\u00e9sinfection par voie a\u00e9rienne de surfaces (DSVA) des surfaces de mani\u00e8re homog\u00e8ne et compl\u00e8te. Maitrise des risques infectieux, d\u00e9contamination d&#8217;un lieux jusqu&#8217;a 180 m3 (h\u00f4pitaux, laboratoires, industrie pharmaceutique, agroalimentaire, cosm\u00e9tique, biotechnologies, la zootechnie et la logistique, ambulances, animaleries, v\u00e9t\u00e9rinaires, bacteriologie, \u00e9coles .. ) appareil de table l\u00e9ger de 6 kg. Test\u00e9 efficace contre les virus et autre bacteries, les virus a coques, le Coronavirus sont donc \u00e9radiqu\u00e9s par cette appareil coupl\u00e9 au produit a base de peroxyde d\u2019hydrog\u00e8ne.<\/p>\n<h3>Fonctionnement<\/h3>\n<p class=\"\">D\u2019un d\u00e9bit de 800 ml\/h, ce n\u00e9buliseur de table \u00e0 n\u00e9bulisation verticale fonctionne sur secteur ou sur batterie. Sa diffusion s\u2019effectue au moyen disque et d\u2019un ventilateur afin de propager les micro gouttelettes par brumisation s\u00e8che vers la salle a traiter . Aliment\u00e9 par une pompe p\u00e9ristaltique qui aspire le liquide \u00e0 diffuser \u00e0 partir d\u2019un bidon de 1 litre reli\u00e9 au n\u00e9buliseur par un tuyau souple en silicone.<br \/>\n<strong>La programmation du n\u00e9buliseur<\/strong>\u00a0a lieu en r\u00e9glant les boutons poussoirs align\u00e9s pr\u00e8s de l\u2019\u00e9cran de visualisation int\u00e9gr\u00e9. Gr\u00e2ce \u00e0 ces r\u00e9glages, l atomiseur peut\u00a0<strong>fonctionner en continu ou en alternant<\/strong>\u00a0des cycles de diffusion et de pause. Si la diffusion est programm\u00e9e en continu, tout le liquide est pulv\u00e9ris\u00e9 en une seule fois. Avec des pauses, la diffusion du liquide peut durer plus longtemps. Pour calculer la dur\u00e9e de pulv\u00e9risation par voie aerienne, il faut diviser le volume de liquide par le d\u00e9bit de la machine. Ainsi, un volume de 500 ml de liquide pour 50m3 sera pulv\u00e9ris\u00e9 en 37 minutes avec un appareil dont le d\u00e9bit est de 800 ml\/h.<\/p>\n<p><strong>Pour programmer l&#8217;ustensile<\/strong>, il suffit de r\u00e9gler correctement les diff\u00e9rentes fonctions.<br \/>\nPour fixer les cycles de pulv\u00e9risation, il y a la fonction C (cycles), pouvant \u00eatre programm\u00e9e de 1 \u00e0 99. La diffusion en continu s\u2019obtient en r\u00e9glant C sur la valeur1. La dur\u00e9e de pulv\u00e9risation s\u2019obtient en r\u00e9glant la fonction D (dur\u00e9e), programmable de 0 \u00e0 99 minutes et 59 secondes. Chaque cycle de pulv\u00e9risation effective est programm\u00e9 en r\u00e9glant D par pas de 1 seconde. Pour le volume de 500 ml de liquide de l\u2019exemple pr\u00e9c\u00e9dent, 12 cycles de 3 minutes chacun vont diffuser la totalit\u00e9 avec le d\u00e9bit de 800ml\/h.<br \/>\nL\u2019\u00e9tablissement des pauses entre chaque cycle s\u2019obtient avec la fonction R (retard), qui est programmable de 0 \u00e0 9 heures et 59 minutes. C\u2019est la dur\u00e9e de la diffusion de liquide alternant avec le temps de repos, \u00e0 programmer par pas de 1 minute. Avec un temps de pause de 5 minutes entre chaque cycle de diffusion 3 minutes fix\u00e9 pr\u00e9c\u00e9demment, le n\u00e9buliseur va commencer \u00e0 diffuser apr\u00e8s 5 minutes. Il pulv\u00e9rise pendant 3 minutes puis cessera pendant 5 minutes \u00e0 nouveau avant de reprendre la diffusion, et ceci pendant 1h37 au total, afin d\u2019\u00e9puiser les 500 ml de l\u2019exemple. Pour les gros volume il est conseill\u00e9 d&#8217;utiliser le 2000 ml\/h ou 1400 ml\/h<\/p>\n<h3 class=\"\">Les autres contr\u00f4les et fonctions<\/h3>\n<p>Muni d\u2019une lampe LED, le n\u00e9buliseur peut \u00eatre visualis\u00e9 de loin pour contr\u00f4ler son fonctionnement ad\u00e9quat. Le disque du n\u00e9buliseur s\u2019arr\u00eate automatiquement lorsque le capteur de pr\u00e9sence de liquide (CPL) situ\u00e9 en amont ne per\u00e7oit plus aucun liquide. L\u2019\u00e9puisement du contenu du bidon ne risque donc pas de causer de probl\u00e8mes.<br \/>\nA la fin de la diffusion, la vidange automatique du circuit hydraulique se d\u00e9clenche, tandis que le reste de liquide non pulv\u00e9ris\u00e9 est renvoy\u00e9 dans le bidon.<br \/>\nLe n\u00e9buliseur peut <strong>atomiser tous types de liquides, visqueux ou non et non inflammables<\/strong>,\u00a0\u00a0 compatible avec le novoprene, la graisse alimentaire, l\u2019acier inox 304L, le PTFE et le silicone (joint).<\/p>\n<p>Pour pr\u00e9venir l\u2019apparition de d\u00e9p\u00f4t avec certains liquides, il faut nettoyer le circuit hydraulique. Ce nettoyage se fait simplement en pla\u00e7ant du liquide nettoyant dans le circuit hydraulique, puis en programmant une s\u00e9quence de diffusion.<\/p>\n<h3><strong>Cas concret dur\u00e9e de fonctionnement pour 50m3 :<\/strong><\/h3>\n<p><strong>Pour une machine <u>800 ml\/m3<\/u>, \u00e0<\/strong> titre <strong>d\u2019exemple<\/strong>, une piece de 20 m2 (environs 50m3) le temps de pulv\u00e9risation sera de 30 minutes pour 400 ml de produit . Le calcul est : 50m3 x 8ml\/m3 = 400 ml (quantit\u00e9 de liquide a utiliser pour 50m3) . Pour une machine 800 ml \/h temps de diffusion est de 30 minutes : 60 minutes x 400 ml \u00f7 800 ml\/h = 30 minutes il sera de 18 minutes pour une machine 1400 ml\/h. Apr\u00e8s la brumisation on doit laisser agir le produit. Le temps de contact peut \u00eatre diminu\u00e9 en fonction de la concentration du produit, par exemple pour 5ml\/m3 le temps conseill\u00e9 est de 2 heures pour 10ml\/m3 il peut \u00eatre r\u00e9duit .<\/p>\n","protected":false},"excerpt":{"rendered":"<p>Dot\u00e9 de la technologie du disque tournant cette appareil scientifique permet une maitrise ultrafine de diffusion de micro particules, pour de la d\u00e9sinfection par voie a\u00e9rienne de surfaces (DSVA).<\/p>\n<p><span style=\"color: #ff6600;\">Pour les machines sont en stocks elles sont livrables en 3\/4 jours ouvr\u00e9s<\/span><\/p>\n","protected":false},"featured_media":631,"comment_status":"open","ping_status":"closed","template":"","meta":[],"product_cat":[60],"product_tag":[],"class_list":{"0":"post-33","1":"product","2":"type-product","3":"status-publish","4":"has-post-thumbnail","6":"product_cat-appareil-de-desinfection-par-voie-aerienne","8":"first","9":"instock","10":"taxable","11":"shipping-taxable","12":"product-type-simple"},"_links":{"self":[{"href":"https:\/\/www.eco-sprayer.com\/pulverisateurs\/wp-json\/wp\/v2\/product\/33","targetHints":{"allow":["GET"]}}],"collection":[{"href":"https:\/\/www.eco-sprayer.com\/pulverisateurs\/wp-json\/wp\/v2\/product"}],"about":[{"href":"https:\/\/www.eco-sprayer.com\/pulverisateurs\/wp-json\/wp\/v2\/types\/product"}],"replies":[{"embeddable":true,"href":"https:\/\/www.eco-sprayer.com\/pulverisateurs\/wp-json\/wp\/v2\/comments?post=33"}],"version-history":[{"count":0,"href":"https:\/\/www.eco-sprayer.com\/pulverisateurs\/wp-json\/wp\/v2\/product\/33\/revisions"}],"wp:featuredmedia":[{"embeddable":true,"href":"https:\/\/www.eco-sprayer.com\/pulverisateurs\/wp-json\/wp\/v2\/media\/631"}],"wp:attachment":[{"href":"https:\/\/www.eco-sprayer.com\/pulverisateurs\/wp-json\/wp\/v2\/media?parent=33"}],"wp:term":[{"taxonomy":"product_cat","embeddable":true,"href":"https:\/\/www.eco-sprayer.com\/pulverisateurs\/wp-json\/wp\/v2\/product_cat?post=33"},{"taxonomy":"product_tag","embeddable":true,"href":"https:\/\/www.eco-sprayer.com\/pulverisateurs\/wp-json\/wp\/v2\/product_tag?post=33"}],"curies":[{"name":"wp","href":"https:\/\/api.w.org\/{rel}","templated":true}]}}