{"id":323,"date":"2020-04-14T21:10:06","date_gmt":"2020-06-05T09:49:57","guid":{"rendered":"https:\/\/www.eco-sprayer.com\/pulverisateurs\/produit\/pegasus-portable-nebuliser-disinfection\/"},"modified":"2024-10-18T09:33:33","modified_gmt":"2024-10-18T07:33:33","slug":"nebulizer-portable-of-desinfection-pegasus","status":"publish","type":"product","link":"https:\/\/www.eco-sprayer.com\/pulverisateurs\/product\/nebulizer-portable-of-desinfection-pegasus\/?lang=en","title":{"rendered":"Pegasus Portable Nebuliser Disinfection device by dry mist"},"content":{"rendered":"<p>Its intuitive interface facilitates the procedure and reassures staff.<\/p>\n<p style=\"text-align: center;\"><span style=\"color: #ff6600;\"><strong> Lightweight, robust, efficient, it is consistent with the<\/strong><\/span><br \/>\n<span style=\"color: #ff6600;\"><strong>(NFT 72-281 Version 2014).<\/strong><\/span><\/p>\n<h2><strong>A concentrate of simplicity<\/strong><\/h2>\n<p><strong><em>PEGASE\u00ae <\/em><\/strong>is a lightweight, portable aerial surface disinfection (ASD) nebulizer incorporating a controlled vortex venturi system with a range of 20 meters, producing a cool, dry mist to prevent the risk of corrosion.<\/p>\n<p>Compact, robust and ergonomic, <strong><em>PEGASE\u00ae <\/em><\/strong>incorporates a 90-second delayer before broadcast and a progressive audible alarm to make everyday life easier for operators.<\/p>\n<h3><span style=\"color: #ff6600;\"><strong>A response to your risk management strategy<\/strong><\/span><\/h3>\n<p><strong><br \/>\n<em>PEGASE\u00ae <\/em><br \/>\n<\/strong>complies with the NF T 72-281 version 2014 in combination with the ready-to-use disinfectant <strong><br \/>\n<em>IODVA\u00ae<\/em><br \/>\n<\/strong>. Plus, thanks to its ABS shell, it&#8217;s easy to clean and extremely shock-resistant.<\/p>\n<h3><strong>A <\/strong> <strong>process <\/strong> <strong>that <\/strong> <strong>adapts <\/strong>to your <strong>organization&#8230;<\/strong><\/h3>\n<p><strong><em>PEGASE\u00ae <\/em><\/strong>is launched at the end of the day or when the area is cleared, and operates without the need for an operator.<\/p>\n<h3><span style=\"color: #ff6600;\">Versatile, economical, proven covid-19&#8230;<\/span><\/h3>\n<p>Both light (5.3Kg) and powerful, PEGASE\u00ae follows you<br \/>\nEverywhere. Validated by NFT 72-281 Version<br \/>\n2014 for a very economical dosage of 5ml\/m3, it<br \/>\ncan process up to 200m3 at once.<\/p>\n<h3><span style=\"color: #ff6600;\">&#8230; and eco-friendly:<\/span><\/h3>\n<p>The disinfectant contains no adjuvant or organic residue. The cycle of disinfection by dry nebulization ends with total degradation in free oxygen and water, without any residue. IODVA\u00ae is a TP2 biocide, TP4<br \/>\naccording to European regulation 2009\/107\/EC under authorization number BC-LV 033912-15\/1 containing 7% hydrogen peroxide and 0.45% peracetic acid. The recommended H2O2 <a href=\"https:\/\/www.eco-sprayer.com\/pulverisateurs\/product\/peroxide-dhydrogene\/?lang=en\">hydrogen peroxide<\/a> is also one of the most effective disinfectants against covid-19 and other coronaviruses (shell viruses).<\/p>\n<p>&nbsp;<\/p>\n<p>&nbsp;<\/p>\n<p>&nbsp;<\/p>\n<hr \/>\n<p><span style=\"color: #ff6600;\"><strong>Characteristic<\/strong><\/span><\/p>\n<p>Minimum maintenance and maintenance<br \/>\nMaximum volume processed: 200 m3<br \/>\nDevice flow: 4 m3\/min<br \/>\nVolume of refills: 1 L<br \/>\nH2O2-compatible materials<br \/>\nCompliance<br \/>\nWeight: 5.3 Kg<\/p>\n<figure id=\"attachment_545\" aria-describedby=\"caption-attachment-545\" style=\"width: 225px\" class=\"wp-caption alignleft\"><img fetchpriority=\"high\" decoding=\"async\" class=\"size-medium wp-image-543\" src=\"https:\/\/www.eco-sprayer.com\/pulverisateurs\/wp-content\/uploads\/2020\/04\/machine-desinfection-1-225x400.jpg\" alt=\"Aerial disinfection device OF SURFACES\" width=\"225\" height=\"400\" srcset=\"https:\/\/www.eco-sprayer.com\/pulverisateurs\/wp-content\/uploads\/2020\/04\/machine-desinfection-1-225x400.jpg 225w, https:\/\/www.eco-sprayer.com\/pulverisateurs\/wp-content\/uploads\/2020\/04\/machine-desinfection-1-768x1365.jpg 768w, https:\/\/www.eco-sprayer.com\/pulverisateurs\/wp-content\/uploads\/2020\/04\/machine-desinfection-1-576x1024.jpg 576w, https:\/\/www.eco-sprayer.com\/pulverisateurs\/wp-content\/uploads\/2020\/04\/machine-desinfection-1-600x1067.jpg 600w, https:\/\/www.eco-sprayer.com\/pulverisateurs\/wp-content\/uploads\/2020\/04\/machine-desinfection-1.jpg 1700w\" sizes=\"(max-width: 225px) 100vw, 225px\" \/><figcaption id=\"caption-attachment-545\" class=\"wp-caption-text\">Disinfection unit<\/figcaption><\/figure>\n<p><span style=\"color: #ff6600;\"><strong>Device description<\/strong><\/span><\/p>\n<p>Programming the volume to be processed<br \/>\nautomatic calculation of diffusion time and launch of the<br \/>\ntimer (90 sec.),<br \/>\nProgressive sound alarm,<br \/>\nDimensions: 300 x 300 mm,<br \/>\nMobility facilitates its grip.<\/p>\n<p><strong><span style=\"color: #ff6600;\">Application areas<\/span><\/strong><\/p>\n<p>Cr\u00e8ches, Retirement Homes,<br \/>\nLaboratories<br \/>\nZootechnics<br \/>\nCold rooms,<br \/>\nPatient rooms,<br \/>\nSanitary vehicles,<br \/>\nInfectious risk areas.<\/p>\n<p>&nbsp;<\/p>\n<p><strong><span style=\"color: #003300;\">Disinfection protocol :<\/span><\/strong> The disinfectant is sprayed by <strong>fogging<\/strong> for a few minutes, 5 to 20 minutes depending on the size of the room (0.5 liters per 100m3). A complete dry <strong>fog<\/strong> spreads throughout the premises. The entire atmosphere is then <strong>disinfected<\/strong>. The dry fog gradually settles on all <strong>surfaces<\/strong>. So even the smallest nooks and crannies and all objects, utensils, carpets, computers and even products are disinfected.<\/p>\n<figure id=\"attachment_550\" aria-describedby=\"caption-attachment-550\" style=\"width: 400px\" class=\"wp-caption alignleft\"><img decoding=\"async\" class=\"size-medium wp-image-543 wp-image-548 size-medium\" title=\"equipement desinfection\" src=\"https:\/\/www.eco-sprayer.com\/pulverisateurs\/wp-content\/uploads\/2020\/04\/IMG-20200401-WA0069-400x300.jpg\" alt=\"equipment disinfection\" width=\"400\" height=\"300\" \/><figcaption id=\"caption-attachment-550\" class=\"wp-caption-text\">equipment wetsuit mask<\/figcaption><\/figure>\n<p>are covered with fine dry droplets. The product does not wet. The operation is performed in the absence of human presence, as it is harmful to mucous membranes. On laisse alors<strong> le produit agir pendant 2 heures<\/strong> .<\/p>\n<p>The<strong> premises are then ventilated<\/strong> to dissipate any remaining particles in the air. Au moment d&#8217;entrer dans les lieux la personnes doit \u00eatre prot\u00e9g\u00e9 par un masque et des lunettes. Une fois la pi\u00e8ce a\u00e9r\u00e9e plus aucun danger ne persiste.<\/p>\n<p>&nbsp;<\/p>\n<p>&nbsp;<\/p>\n<p>&nbsp;<\/p>\n<p>According to current knowledge, the <strong>NF T72-281 standard<\/strong> for assessing germicidal activity is a reference for assessing the microbiological efficacy of a process (device\/sterilization product pair). Fungicides, fungicides and sporicides (2009) 5. On the one hand, it simulates DSVA under conditions of use, and on the other, it adjusts certain parameters that may affect microbial efficacy (room volume, humidity, temperature, etc.). Our <strong>P\u00e9gase<\/strong> machine has passed the tests and therefore complies with <strong>NF T72-281 machine\/product pairing standards, <\/strong>tested by an accredited Cofrac laboratory<strong>.<\/strong> The product used is hydrogen peroxide or<a href=\"https:\/\/www.eco-sprayer.com\/pulverisateurs\/produit\/produit-de-desinfection\/\">paracetic acid<\/a>.<\/p>\n<p>The protocol to be implemented differs from laboratory to laboratory, depending on the viruses or bacteria to be eradicated. Each player needs to adapt his product and machine to the objectives to be achieved. You can consult the <a href=\"https:\/\/ansm.sante.fr\/var\/ansm_site\/storage\/original\/application\/f9267cb30a296eedb359f513ea33137a.pdf\">ANSM recommendations<\/a><\/p>\n<p>Afssaps considers that standardized tests to determine bactericidal, fungicidal, bactericidal and sporicidal activity in accordance with standard NF T72-281 represent the conditions for use of the DSVA process. However, it must be understood that DSVA cannot replace daily cleaning procedures.<\/p>\n","protected":false},"excerpt":{"rendered":"<p><strong>PEGASE\u00ae complies with standard NF T72-281&#8243; <\/strong>and provides a simple, precise solution to surface disinfection requirements for volumes ranging from 5 to 200 m3. Laboratory-produced, standardized machine\/product pairing effective against bacteria, viruses and fungi.<\/p>\n","protected":false},"featured_media":565,"comment_status":"open","ping_status":"closed","template":"","meta":[],"product_cat":[95,98],"product_tag":[],"class_list":{"0":"post-323","1":"product","2":"type-product","3":"status-publish","4":"has-post-thumbnail","6":"product_cat-air-to-air-disinfection-device","7":"product_cat-product-of-aerian-desinfection","8":"product_shipping_class-frais-de-livraison","10":"first","11":"instock","12":"taxable","13":"shipping-taxable","14":"product-type-simple"},"_links":{"self":[{"href":"https:\/\/www.eco-sprayer.com\/pulverisateurs\/wp-json\/wp\/v2\/product\/323","targetHints":{"allow":["GET"]}}],"collection":[{"href":"https:\/\/www.eco-sprayer.com\/pulverisateurs\/wp-json\/wp\/v2\/product"}],"about":[{"href":"https:\/\/www.eco-sprayer.com\/pulverisateurs\/wp-json\/wp\/v2\/types\/product"}],"replies":[{"embeddable":true,"href":"https:\/\/www.eco-sprayer.com\/pulverisateurs\/wp-json\/wp\/v2\/comments?post=323"}],"version-history":[{"count":0,"href":"https:\/\/www.eco-sprayer.com\/pulverisateurs\/wp-json\/wp\/v2\/product\/323\/revisions"}],"wp:featuredmedia":[{"embeddable":true,"href":"https:\/\/www.eco-sprayer.com\/pulverisateurs\/wp-json\/wp\/v2\/media\/565"}],"wp:attachment":[{"href":"https:\/\/www.eco-sprayer.com\/pulverisateurs\/wp-json\/wp\/v2\/media?parent=323"}],"wp:term":[{"taxonomy":"product_cat","embeddable":true,"href":"https:\/\/www.eco-sprayer.com\/pulverisateurs\/wp-json\/wp\/v2\/product_cat?post=323"},{"taxonomy":"product_tag","embeddable":true,"href":"https:\/\/www.eco-sprayer.com\/pulverisateurs\/wp-json\/wp\/v2\/product_tag?post=323"}],"curies":[{"name":"wp","href":"https:\/\/api.w.org\/{rel}","templated":true}]}}