{"id":204,"date":"2020-04-30T04:59:43","date_gmt":"2020-04-30T02:59:43","guid":{"rendered":"https:\/\/www.eco-sprayer.com\/pulverisateurs\/?post_type=product&#038;p=204"},"modified":"2024-07-06T04:06:31","modified_gmt":"2024-07-06T02:06:31","slug":"machine-de-desinfection-vapeur-professionnel","status":"publish","type":"product","link":"https:\/\/www.eco-sprayer.com\/pulverisateurs\/produit\/machine-de-desinfection-vapeur-professionnel\/","title":{"rendered":"Machine de d\u00e9sinfection vapeur professionnel"},"content":{"rendered":"<pre><strong>Avant tout, la meilleure qualit\u00e9 de vapeur mobile.<\/strong><\/pre>\n<p><span style=\"color: #ff6600;\"><strong>Vapeur de Qualit\u00e9<\/strong><\/span><\/p>\n<p>Tr\u00e8s grande chaudi\u00e8re de 5L associ\u00e9e \u00e0 une puissance de 3600W pour un maintien en temp\u00e9rature dans le temps.<\/p>\n<p><span style=\"color: #ff6600;\">Contr\u00f4le de la Temp\u00e9rature<\/span><\/p>\n<p>Gestion de la production de vapeur par sonde PT100 brevet\u00e9e afin d\u2019obtenir une temp\u00e9rature de 158\u00b0C \u00e0 6 bars (200gr\/min).<\/p>\n<p><span style=\"color: #ff6600;\">Simplicit\u00e9 du r\u00e9glage de d\u00e9bit<\/span><br \/>\nLe d\u00e9bit de vapeur produite par O. Steam est contr\u00f4lable afin de l\u2019ajuster aux diff\u00e9rents besoins sans perte de qualit\u00e9.<\/p>\n<p><span style=\"color: #ff6600;\">Ergonomie de travail<\/span><br \/>\nLe chariot inox tr\u00e8s compact de O. Steam se d\u00e9place sans effort gr\u00e2ce \u00e0 ses roues anti-bruit \u00e0 frein (agr\u00e9\u00e9es alimentaire). Livr\u00e9 de s\u00e9rie avec tous ses accessoires, il b\u00e9n\u00e9ficie d\u2019un c\u00e2ble \u00e9lectrique n\u00e9opr\u00e8ne tr\u00e8s souple facile \u00e0 ranger et d\u2019un flexible vapeur peu encombrant.<\/p>\n<p><span style=\"color: #ff6600;\">Robustesse des mat\u00e9riaux<\/span><\/p>\n<p>O. Steam est destin\u00e9 \u00e0 \u00e9voluer dans des environnements exigeants. Il poss\u00e8de un carter en ABS, une connectique renforc\u00e9e avec inserts laiton r\u00e9sistants aux tr\u00e8s hautes temp\u00e9ratures, une poign\u00e9e de contr\u00f4le de vapeur pr\u00e9cise et des accessoires ultra r\u00e9sistants aux chocs.<\/p>\n<div id=\"comp-jrsvn4d12\" class=\"txtNew\" data-packed=\"true\">\n<h2 class=\"font_6\" style=\"text-align: center;\"><span class=\"color_15\">NFT 72-110<\/span><\/h2>\n<\/div>\n<p style=\"text-align: center;\"><span style=\"color: #ff6600;\">D\u00e9sinfectant selon la NFT 72-110<\/span><br \/>\nDispositif d\u00e9sinfectant selon le r\u00e9f\u00e9rentiel NFT 72-110 sur Bact\u00e9ricide (Staphylococcus aureus, Escherichia coli); Fongicide (Aspergillus niger (brasiliensis), Candida albicans); Mycobact\u00e9ricide (Mycobacterium terrae); Virucide (Norovirus murin (MNV-1), Ad\u00e9novirus humain)<\/p>\n<p>&nbsp;<\/p>\n<table style=\"margin-left: 11.6pt; border-collapse: collapse; border: none;\">\n<tbody>\n<tr>\n<td style=\"width: 76.35pt; border-color: white; border-style: solid; border-width: 1pt 1pt 3pt; border-image: none 100% \/ 1 \/ 0 stretch; background: #4471c4 none repeat scroll 0% 0%; padding: 0cm; height: 17.75pt; vertical-align: top;\">\n<p style=\"font-size: 15px; font-family: 'Calibri','sans-serif'; margin: 3.0pt 0cm .0001pt 7.2pt;\"><em><span style=\"font-family: 'Calibri','sans-serif';\">R\u00e9f\u00e9rence<\/span><\/em><\/p>\n<\/td>\n<td style=\"width: 110.5pt; border-color: white white white currentcolor; border-style: solid solid solid none; border-width: 1pt 1pt 3pt medium; background: #4471c4 none repeat scroll 0% 0%; padding: 0cm; height: 17.75pt; vertical-align: top;\">\n<p style=\"font-size: 15px; font-family: 'Calibri','sans-serif'; margin: 3.0pt 0cm .0001pt 7.2pt;\"><em><span style=\"font-family: 'Calibri','sans-serif';\">Nom commercial<\/span><\/em><\/p>\n<\/td>\n<td style=\"width: 270.65pt; border-color: white white white currentcolor; border-style: solid solid solid none; border-width: 1pt 1pt 3pt medium; background: #4471c4 none repeat scroll 0% 0%; padding: 0cm; height: 17.75pt; vertical-align: top;\">\n<p style=\"font-size: 15px; font-family: 'Calibri','sans-serif'; margin: 3.0pt 0cm .0001pt 7.25pt;\"><em><span style=\"font-family: 'Calibri','sans-serif';\">Description<\/span><\/em><\/p>\n<\/td>\n<\/tr>\n<tr>\n<td style=\"width: 76.35pt; border-color: currentcolor white white; border-style: none solid solid; border-width: medium 1pt 1pt; border-image: none 100% \/ 1 \/ 0 stretch; background: #cfd4ea none repeat scroll 0% 0%; padding: 0cm; height: 24.75pt; vertical-align: top;\">\n<p style=\"font-size: 15px; font-family: 'Calibri','sans-serif'; margin: 2.0pt 0cm .0001pt 7.2pt;\"><em><span style=\"font-family: 'Calibri','sans-serif';\">O.STEAM<\/span><\/em><\/p>\n<\/td>\n<td style=\"width: 110.5pt; border-color: currentcolor white white currentcolor; border-style: none solid solid none; border-width: medium 1pt 1pt medium; background: #cfd4ea none repeat scroll 0% 0%; padding: 0cm; height: 24.75pt; vertical-align: top;\">\n<p style=\"font-size: 15px; font-family: 'Calibri','sans-serif'; margin: 2.0pt 0cm .0001pt 7.2pt;\"><em><span style=\"font-family: 'Calibri','sans-serif';\">One Steam<\/span><\/em><\/p>\n<\/td>\n<td style=\"width: 270.65pt; border-color: currentcolor white white currentcolor; border-style: none solid solid none; border-width: medium 1pt 1pt medium; background: #cfd4ea none repeat scroll 0% 0%; padding: 0cm; height: 24.75pt; vertical-align: top;\">\n<p style=\"font-size: 15px; font-family: 'Calibri','sans-serif'; line-height: 9.7pt; margin: 2.0pt 0cm .0001pt 7.25pt;\"><em><span style=\"font-family: 'Calibri','sans-serif';\">Centrale vapeur mont\u00e9e sur son chariot inox et livr\u00e9e pr\u00eate \u00e0 l\u2019emploi avec<\/span><\/em><\/p>\n<p style=\"font-size: 15px; font-family: 'Calibri','sans-serif'; line-height: 9.7pt; margin: 0cm 0cm .0001pt 7.25pt;\"><em><span style=\"font-family: 'Calibri','sans-serif';\">ses accessoires.<\/span><\/em><\/p>\n<\/td>\n<\/tr>\n<\/tbody>\n<\/table>\n<p style=\"margin: 0cm; margin-bottom: .0001pt; font-size: 15px; font-family: 'Calibri','sans-serif'; margin-top: .2pt;\"><em><span style=\"font-family: 'Calibri','sans-serif';\">\u00a0<\/span><\/em><\/p>\n<p style=\"margin: 2.95pt 0cm .4pt 13.3pt; font-size: 15px; font-family: 'Calibri','sans-serif';\"><em><span style=\"font-family: 'Calibri','sans-serif';\">Articles inclus dans la r\u00e9f\u00e9rence ONESTEAM :<\/span><\/em><\/p>\n<table style=\"margin-left: 11.6pt; border-collapse: collapse; border: none;\">\n<tbody>\n<tr>\n<td style=\"width: 76.35pt; border-color: white; border-style: solid; border-width: 1pt 1pt 3pt; border-image: none 100% \/ 1 \/ 0 stretch; background: #4471c4 none repeat scroll 0% 0%; padding: 0cm; height: 17.8pt; vertical-align: top;\">\n<p style=\"font-size: 15px; font-family: 'Calibri','sans-serif'; margin: 3.0pt 0cm .0001pt 7.2pt;\"><em><span style=\"font-family: 'Calibri','sans-serif';\">R\u00e9f\u00e9rence<\/span><\/em><\/p>\n<\/td>\n<td style=\"width: 111.5pt; border-color: white white white currentcolor; border-style: solid solid solid none; border-width: 1pt 1pt 3pt medium; background: #4471c4 none repeat scroll 0% 0%; padding: 0cm; height: 17.8pt; vertical-align: top;\">\n<p style=\"font-size: 15px; font-family: 'Calibri','sans-serif'; margin: 3.0pt 0cm .0001pt 7.25pt;\"><em><span style=\"font-family: 'Calibri','sans-serif';\">Nom commercial<\/span><\/em><\/p>\n<\/td>\n<td style=\"width: 269.65pt; border-color: white white white currentcolor; border-style: solid solid solid none; border-width: 1pt 1pt 3pt medium; background: #4471c4 none repeat scroll 0% 0%; padding: 0cm; height: 17.8pt; vertical-align: top;\">\n<p style=\"font-size: 15px; font-family: 'Calibri','sans-serif'; margin: 3.0pt 0cm .0001pt 7.25pt;\"><em><span style=\"font-family: 'Calibri','sans-serif';\">Description<\/span><\/em><\/p>\n<\/td>\n<\/tr>\n<tr>\n<td style=\"width: 76.35pt; border-color: currentcolor white white; border-style: none solid solid; border-width: medium 1pt 1pt; border-image: none 100% \/ 1 \/ 0 stretch; background: #cfd4ea none repeat scroll 0% 0%; padding: 0cm; height: 19.55pt; vertical-align: top;\">\n<p style=\"font-size: 15px; font-family: 'Calibri','sans-serif'; margin: 2.1pt 0cm .0001pt 7.2pt;\"><em><span style=\"font-family: 'Calibri','sans-serif';\">CHARIOTNETVAPPETIT<\/span><\/em><\/p>\n<\/td>\n<td style=\"width: 111.5pt; border-color: currentcolor white white currentcolor; border-style: none solid solid none; border-width: medium 1pt 1pt medium; background: #cfd4ea none repeat scroll 0% 0%; padding: 0cm; height: 19.55pt; vertical-align: top;\">\n<p style=\"font-size: 15px; font-family: 'Calibri','sans-serif'; margin: 2.1pt 0cm .0001pt 7.25pt;\"><em><span style=\"font-family: 'Calibri','sans-serif';\">Chariot O.STEAM<\/span><\/em><\/p>\n<\/td>\n<td style=\"width: 269.65pt; border-color: currentcolor white white currentcolor; border-style: none solid solid none; border-width: medium 1pt 1pt medium; background: #cfd4ea none repeat scroll 0% 0%; padding: 0cm; height: 19.55pt; vertical-align: top;\">\n<p style=\"font-size: 15px; font-family: 'Calibri','sans-serif'; margin: 2.1pt 0cm .0001pt 7.25pt;\"><em><span style=\"font-family: 'Calibri','sans-serif';\">Chariot Inox avec ses 3 bacs de rangement.<\/span><\/em><\/p>\n<\/td>\n<\/tr>\n<tr>\n<td style=\"width: 76.35pt; border-color: currentcolor white white; border-style: none solid solid; border-width: medium 1pt 1pt; border-image: none 100% \/ 1 \/ 0 stretch; background: #e9ebf5 none repeat scroll 0% 0%; padding: 0cm; height: 16.05pt; vertical-align: top;\">\n<p style=\"font-size: 15px; font-family: 'Calibri','sans-serif'; margin: 3.1pt 0cm .0001pt 7.2pt;\"><em><span style=\"font-family: 'Calibri','sans-serif';\">OSFLEX5<\/span><\/em><\/p>\n<\/td>\n<td style=\"width: 111.5pt; border-color: currentcolor white white currentcolor; border-style: none solid solid none; border-width: medium 1pt 1pt medium; background: #e9ebf5 none repeat scroll 0% 0%; padding: 0cm; height: 16.05pt; vertical-align: top;\">\n<p style=\"font-size: 15px; font-family: 'Calibri','sans-serif'; margin: 3.1pt 0cm .0001pt 7.25pt;\"><em><span style=\"font-family: 'Calibri','sans-serif';\">Flexible vapeur<\/span><\/em><\/p>\n<\/td>\n<td style=\"width: 269.65pt; border-color: currentcolor white white currentcolor; border-style: none solid solid none; border-width: medium 1pt 1pt medium; background: #e9ebf5 none repeat scroll 0% 0%; padding: 0cm; height: 16.05pt; vertical-align: top;\">\n<p style=\"font-size: 15px; font-family: 'Calibri','sans-serif'; margin: 3.1pt 0cm .0001pt 7.25pt;\"><em><span style=\"font-family: 'Calibri','sans-serif';\">Flexible vapeur gain\u00e9 avec isolation thermique de 5m incluant sa g\u00e2chette de commande de vapeur.<\/span><\/em><\/p>\n<\/td>\n<\/tr>\n<tr>\n<td style=\"width: 76.35pt; border-color: currentcolor white white; border-style: none solid solid; border-width: medium 1pt 1pt; border-image: none 100% \/ 1 \/ 0 stretch; background: #cfd4ea none repeat scroll 0% 0%; padding: 0cm; height: 20.6pt; vertical-align: top;\">\n<p style=\"font-size: 15px; font-family: 'Calibri','sans-serif'; margin: 3.1pt 0cm .0001pt 7.2pt;\"><em><span style=\"font-family: 'Calibri','sans-serif';\">OSBALVAP1<\/span><\/em><\/p>\n<\/td>\n<td style=\"width: 111.5pt; border-color: currentcolor white white currentcolor; border-style: none solid solid none; border-width: medium 1pt 1pt medium; background: #cfd4ea none repeat scroll 0% 0%; padding: 0cm; height: 20.6pt; vertical-align: top;\">\n<p style=\"font-size: 15px; font-family: 'Calibri','sans-serif'; margin: 3.1pt 0cm .0001pt 7.25pt;\"><em><span style=\"font-family: 'Calibri','sans-serif';\">Balai vapeur<\/span><\/em><\/p>\n<\/td>\n<td style=\"width: 269.65pt; border-color: currentcolor white white currentcolor; border-style: none solid solid none; border-width: medium 1pt 1pt medium; background: #cfd4ea none repeat scroll 0% 0%; padding: 0cm; height: 20.6pt; vertical-align: top;\">\n<p style=\"font-size: 15px; font-family: 'Calibri','sans-serif'; line-height: 97%; margin: 3.2pt 15.05pt .0001pt 7.25pt;\"><em><span style=\"font-family: 'Calibri','sans-serif';\">Balai velcro ergonomique et ultra l\u00e9ger avec sortie de vapeur en position centrale. Le balai re\u00e7oit des mops microfibres.<\/span><\/em><\/p>\n<\/td>\n<\/tr>\n<tr>\n<td style=\"width: 76.35pt; border-color: currentcolor white white; border-style: none solid solid; border-width: medium 1pt 1pt; border-image: none 100% \/ 1 \/ 0 stretch; background: #e9ebf5 none repeat scroll 0% 0%; padding: 0cm; height: 20.6pt; vertical-align: top;\">\n<p style=\"font-size: 15px; font-family: 'Calibri','sans-serif'; margin: 3.1pt 0cm .0001pt 7.2pt;\"><em><span style=\"font-family: 'Calibri','sans-serif';\">OSSURFHAUTE<\/span><\/em><\/p>\n<\/td>\n<td style=\"width: 111.5pt; border-color: currentcolor white white currentcolor; border-style: none solid solid none; border-width: medium 1pt 1pt medium; background: #e9ebf5 none repeat scroll 0% 0%; padding: 0cm; height: 20.6pt; vertical-align: top;\">\n<p style=\"font-size: 15px; font-family: 'Calibri','sans-serif'; margin: 3.1pt 0cm .0001pt 7.25pt;\"><em><span style=\"font-family: 'Calibri','sans-serif';\">Accessoires surfaces hautes<\/span><\/em><\/p>\n<\/td>\n<td style=\"width: 269.65pt; border-color: currentcolor white white currentcolor; border-style: none solid solid none; border-width: medium 1pt 1pt medium; background: #e9ebf5 none repeat scroll 0% 0%; padding: 0cm; height: 20.6pt; vertical-align: top;\">\n<p style=\"font-size: 15px; font-family: 'Calibri','sans-serif'; line-height: 97%; margin: 3.25pt 13.35pt .0001pt 7.25pt;\"><em><span style=\"font-family: 'Calibri','sans-serif';\">Support velcro \u00e0 plat de 24cm destin\u00e9 \u00e0 traiter les surfaces hautes planes. Le support re\u00e7oit des mops microfibres.<\/span><\/em><\/p>\n<\/td>\n<\/tr>\n<tr>\n<td style=\"width: 76.35pt; border-color: currentcolor white white; border-style: none solid solid; border-width: medium 1pt 1pt; border-image: none 100% \/ 1 \/ 0 stretch; background: #cfd4ea none repeat scroll 0% 0%; padding: 0cm; height: 20.55pt; vertical-align: top;\">\n<p style=\"font-size: 15px; font-family: 'Calibri','sans-serif'; margin: 3.1pt 0cm .0001pt 7.2pt;\"><em><span style=\"font-family: 'Calibri','sans-serif';\">OSBUS2<\/span><\/em><\/p>\n<\/td>\n<td style=\"width: 111.5pt; border-color: currentcolor white white currentcolor; border-style: none solid solid none; border-width: medium 1pt 1pt medium; background: #cfd4ea none repeat scroll 0% 0%; padding: 0cm; height: 20.55pt; vertical-align: top;\">\n<p style=\"font-size: 15px; font-family: 'Calibri','sans-serif'; margin: 3.1pt 0cm .0001pt 7.25pt;\"><em><span style=\"font-family: 'Calibri','sans-serif';\">Buse coud\u00e9e<\/span><\/em><\/p>\n<\/td>\n<td style=\"width: 269.65pt; border-color: currentcolor white white currentcolor; border-style: none solid solid none; border-width: medium 1pt 1pt medium; background: #cfd4ea none repeat scroll 0% 0%; padding: 0cm; height: 20.55pt; vertical-align: top;\">\n<p style=\"font-size: 15px; font-family: 'Calibri','sans-serif'; line-height: 97%; margin: 3.25pt 20.85pt .0001pt 7.25pt;\"><em><span style=\"font-family: 'Calibri','sans-serif';\">Buse avec coude permettant de traiter les pi\u00e8ces non planes ou complexes et qui peut recevoir les brosses pekalon.<\/span><\/em><\/p>\n<\/td>\n<\/tr>\n<tr>\n<td style=\"width: 76.35pt; border-color: currentcolor white white; border-style: none solid solid; border-width: medium 1pt 1pt; border-image: none 100% \/ 1 \/ 0 stretch; background: #e9ebf5 none repeat scroll 0% 0%; padding: 0cm; height: 13.4pt; vertical-align: top;\">\n<p style=\"font-size: 15px; font-family: 'Calibri','sans-serif'; margin: 3.1pt 0cm .0001pt 7.2pt;\"><em><span style=\"font-family: 'Calibri','sans-serif';\">OSBROSSHAUTE<\/span><\/em><\/p>\n<\/td>\n<td style=\"width: 111.5pt; border-color: currentcolor white white currentcolor; border-style: none solid solid none; border-width: medium 1pt 1pt medium; background: #e9ebf5 none repeat scroll 0% 0%; padding: 0cm; height: 13.4pt; vertical-align: top;\">\n<p style=\"font-size: 15px; font-family: 'Calibri','sans-serif'; margin: 3.1pt 0cm .0001pt 7.25pt;\"><em><span style=\"font-family: 'Calibri','sans-serif';\">Brosse 20cm<\/span><\/em><\/p>\n<\/td>\n<td style=\"width: 269.65pt; border-color: currentcolor white white currentcolor; border-style: none solid solid none; border-width: medium 1pt 1pt medium; background: #e9ebf5 none repeat scroll 0% 0%; padding: 0cm; height: 13.4pt; vertical-align: top;\">\n<p style=\"font-size: 15px; font-family: 'Calibri','sans-serif'; margin: 3.1pt 0cm .0001pt 7.25pt;\"><em><span style=\"font-family: 'Calibri','sans-serif';\">Brosse pour surfaces hautes sur laquelle se fixe une bonnette microfibre.<\/span><\/em><\/p>\n<\/td>\n<\/tr>\n<tr>\n<td style=\"width: 76.35pt; border-color: currentcolor white white; border-style: none solid solid; border-width: medium 1pt 1pt; border-image: none 100% \/ 1 \/ 0 stretch; background: #cfd4ea none repeat scroll 0% 0%; padding: 0cm; height: 13.4pt; vertical-align: top;\">\n<p style=\"font-size: 15px; font-family: 'Calibri','sans-serif'; margin: 3.1pt 0cm .0001pt 7.2pt;\"><em><span style=\"font-family: 'Calibri','sans-serif';\">OSBUS3<\/span><\/em><\/p>\n<\/td>\n<td style=\"width: 111.5pt; border-color: currentcolor white white currentcolor; border-style: none solid solid none; border-width: medium 1pt 1pt medium; background: #cfd4ea none repeat scroll 0% 0%; padding: 0cm; height: 13.4pt; vertical-align: top;\">\n<p style=\"font-size: 15px; font-family: 'Calibri','sans-serif'; margin: 3.1pt 0cm .0001pt 7.25pt;\"><em><span style=\"font-family: 'Calibri','sans-serif';\">Buse haute pression<\/span><\/em><\/p>\n<\/td>\n<td style=\"width: 269.65pt; border-color: currentcolor white white currentcolor; border-style: none solid solid none; border-width: medium 1pt 1pt medium; background: #cfd4ea none repeat scroll 0% 0%; padding: 0cm; height: 13.4pt; vertical-align: top;\">\n<p style=\"font-size: 15px; font-family: 'Calibri','sans-serif'; margin: 3.1pt 0cm .0001pt 7.25pt;\"><em><span style=\"font-family: 'Calibri','sans-serif';\">Buse allong\u00e9e qui permet d\u2019acc\u00e9der aux endroits difficiles d\u2019acc\u00e8s.<\/span><\/em><\/p>\n<\/td>\n<\/tr>\n<tr>\n<td style=\"width: 76.35pt; border-color: currentcolor white white; border-style: none solid solid; border-width: medium 1pt 1pt; border-image: none 100% \/ 1 \/ 0 stretch; background: #e9ebf5 none repeat scroll 0% 0%; padding: 0cm; height: 19.35pt; vertical-align: top;\">\n<p style=\"font-size: 15px; font-family: 'Calibri','sans-serif'; margin: 3.1pt 0cm .0001pt 7.2pt;\"><em><span style=\"font-family: 'Calibri','sans-serif';\">OSRALLONGE<\/span><\/em><\/p>\n<\/td>\n<td style=\"width: 111.5pt; border-color: currentcolor white white currentcolor; border-style: none solid solid none; border-width: medium 1pt 1pt medium; background: #e9ebf5 none repeat scroll 0% 0%; padding: 0cm; height: 19.35pt; vertical-align: top;\">\n<p style=\"font-size: 15px; font-family: 'Calibri','sans-serif'; margin: 3.1pt 0cm .0001pt 7.25pt;\"><em><span style=\"font-family: 'Calibri','sans-serif';\">2 rallonges<\/span><\/em><\/p>\n<\/td>\n<td style=\"width: 269.65pt; border-color: currentcolor white white currentcolor; border-style: none solid solid none; border-width: medium 1pt 1pt medium; background: #e9ebf5 none repeat scroll 0% 0%; padding: 0cm; height: 19.35pt; vertical-align: top;\">\n<p style=\"font-size: 15px; font-family: 'Calibri','sans-serif'; margin: 3.1pt 0cm .0001pt 7.25pt;\"><em><span style=\"font-family: 'Calibri','sans-serif';\">Rallonges \u00e0 clipser sur vos accessoires.<\/span><\/em><\/p>\n<\/td>\n<\/tr>\n<tr>\n<td style=\"width: 76.35pt; border-color: currentcolor white white; border-style: none solid solid; border-width: medium 1pt 1pt; border-image: none 100% \/ 1 \/ 0 stretch; background: #cfd4ea none repeat scroll 0% 0%; padding: 0cm; height: 20.6pt; vertical-align: top;\">\n<p style=\"font-size: 15px; font-family: 'Calibri','sans-serif'; margin: 3.15pt 0cm .0001pt 7.2pt;\"><em><span style=\"font-family: 'Calibri','sans-serif';\">OSBROS9<\/span><\/em><\/p>\n<\/td>\n<td style=\"width: 111.5pt; border-color: currentcolor white white currentcolor; border-style: none solid solid none; border-width: medium 1pt 1pt medium; background: #cfd4ea none repeat scroll 0% 0%; padding: 0cm; height: 20.6pt; vertical-align: top;\">\n<p style=\"font-size: 15px; font-family: 'Calibri','sans-serif'; margin: 3.15pt 0cm .0001pt 7.25pt;\"><em><span style=\"font-family: 'Calibri','sans-serif';\">3 Brosses Pekalon<\/span><\/em><\/p>\n<\/td>\n<td style=\"width: 269.65pt; border-color: currentcolor white white currentcolor; border-style: none solid solid none; border-width: medium 1pt 1pt medium; background: #cfd4ea none repeat scroll 0% 0%; padding: 0cm; height: 20.6pt; vertical-align: top;\">\n<p style=\"font-size: 15px; font-family: 'Calibri','sans-serif'; line-height: 97%; margin: 3.25pt 24.95pt .0001pt 7.25pt;\"><em><span style=\"font-family: 'Calibri','sans-serif';\">Mini brosse ronde de 2cm permettant de gratter les surfaces complexes et qui se fixe sur la buse coud\u00e9e.<\/span><\/em><\/p>\n<\/td>\n<\/tr>\n<tr>\n<td style=\"width: 76.35pt; border-color: currentcolor white white; border-style: none solid solid; border-width: medium 1pt 1pt; border-image: none 100% \/ 1 \/ 0 stretch; background: #e9ebf5 none repeat scroll 0% 0%; padding: 0cm; height: 20.6pt; vertical-align: top;\">\n<p style=\"font-size: 15px; font-family: 'Calibri','sans-serif'; margin: 3.15pt 0cm .0001pt 7.2pt;\"><em><span style=\"font-family: 'Calibri','sans-serif';\">OSEMB<\/span><\/em><\/p>\n<\/td>\n<td style=\"width: 111.5pt; border-color: currentcolor white white currentcolor; border-style: none solid solid none; border-width: medium 1pt 1pt medium; background: #e9ebf5 none repeat scroll 0% 0%; padding: 0cm; height: 20.6pt; vertical-align: top;\">\n<p style=\"font-size: 15px; font-family: 'Calibri','sans-serif'; margin: 3.15pt 0cm .0001pt 7.25pt;\"><em><span style=\"font-family: 'Calibri','sans-serif';\">Embout anti retour pour siphon<\/span><\/em><\/p>\n<\/td>\n<td style=\"width: 269.65pt; border-color: currentcolor white white currentcolor; border-style: none solid solid none; border-width: medium 1pt 1pt medium; background: #e9ebf5 none repeat scroll 0% 0%; padding: 0cm; height: 20.6pt; vertical-align: top;\">\n<p style=\"font-size: 15px; font-family: 'Calibri','sans-serif'; line-height: 7.25pt; margin: 3.15pt 0cm .0001pt 7.25pt;\"><em><span style=\"font-family: 'Calibri','sans-serif';\">Embout caoutchouc \u00e0 fixer sur la buse haute pression destin\u00e9 \u00e0 prot\u00e9ger l\u2019operateur lors du traitement<\/span><\/em><\/p>\n<p style=\"font-size: 15px; font-family: 'Calibri','sans-serif'; line-height: 7.25pt; margin: 0cm 0cm .0001pt 7.25pt;\"><em><span style=\"font-family: 'Calibri','sans-serif';\">des siphons.<\/span><\/em><\/p>\n<\/td>\n<\/tr>\n<tr>\n<td style=\"width: 76.35pt; border-color: currentcolor white white; border-style: none solid solid; border-width: medium 1pt 1pt; border-image: none 100% \/ 1 \/ 0 stretch; background: #cfd4ea none repeat scroll 0% 0%; padding: 0cm; height: 20.55pt; vertical-align: top;\">\n<p style=\"font-size: 15px; font-family: 'Calibri','sans-serif'; line-height: 97%; margin: 3.25pt 18.5pt .0001pt 7.2pt;\"><em><span style=\"font-family: 'Calibri','sans-serif';\">OSBONNBROSS, OSMOP14, OSGANT<\/span><\/em><\/p>\n<\/td>\n<td style=\"width: 111.5pt; border-color: currentcolor white white currentcolor; border-style: none solid solid none; border-width: medium 1pt 1pt medium; background: #cfd4ea none repeat scroll 0% 0%; padding: 0cm; height: 20.55pt; vertical-align: top;\">\n<p style=\"font-size: 15px; font-family: 'Calibri','sans-serif'; margin: 3.15pt 0cm .0001pt 7.25pt;\"><em><span style=\"font-family: 'Calibri','sans-serif';\">Bonnet, gants, mop<\/span><\/em><\/p>\n<\/td>\n<td style=\"width: 269.65pt; border-color: currentcolor white white currentcolor; border-style: none solid solid none; border-width: medium 1pt 1pt medium; background: #cfd4ea none repeat scroll 0% 0%; padding: 0cm; height: 20.55pt; vertical-align: top;\">\n<p style=\"font-size: 15px; font-family: 'Calibri','sans-serif'; margin: 3.15pt 0cm .0001pt 7.25pt;\"><em><span style=\"font-family: 'Calibri','sans-serif';\">Supports microfibres sp\u00e9cialement con\u00e7u pour les \u00e9quipements One Steam.<\/span><\/em><\/p>\n<\/td>\n<\/tr>\n<\/tbody>\n<\/table>\n<p>Telecharger la fiche produit :<\/p>\n<p><a href=\"https:\/\/www.eco-sprayer.com\/pulverisateurs\/wp-content\/uploads\/2020\/04\/FT-O-STEAM-Original-102018-V1-FR.pdf\">FT O-STEAM Original 102018 V1 FR<\/a><\/p>\n","protected":false},"excerpt":{"rendered":"<div id=\"comp-jrsvn4cw3\" class=\"txtNew\" data-packed=\"true\">\n<h3 class=\"font_0\">O. STEAM Appareil de d\u00e9sinfection , bio-nettoyage \u00e0 la vapeur<\/h3>\n<p>De fabrication 100% fran\u00e7aise cette <span class=\"color_15\">centrale vapeur professionnelle de 3600 w puissante de grande capacit\u00e9 (5L de chaudi\u00e8re) est con\u00e7ut pour un usage intensif et le maintien de la temp\u00e9rature dans le temps.<\/span><\/p>\n<\/div>\n<div id=\"comp-jrsvn4cw4\" class=\"txtNew\" data-packed=\"true\">\n<p class=\"font_9\"><span class=\"color_15\">La gestion de la production de vapeur est assur\u00e9e par une sonde PT100 brevet\u00e9e afin d\u2019obtenir une temp\u00e9rature de 158\u00b0C \u00e0 6 bars (200gr\/min). <\/span><\/p>\n<p>Utilis\u00e9 fr\u00e9quemment pour la d\u00e9sinfection au quotidien des cabinets dentaires, cabinets m\u00e9dicaux, locaux entres le passages des diff\u00e9rents patients. efficace contre le covid-19.<\/p>\n<p>Telecharger la fiche produit :<\/p>\n<p><a href=\"https:\/\/www.eco-sprayer.com\/pulverisateurs\/wp-content\/uploads\/2020\/04\/FT-O-STEAM-Original-102018-V1-FR.pdf\">FT O-STEAM Original 102018 V1 FR<\/a><\/p>\n<\/div>\n","protected":false},"featured_media":205,"comment_status":"open","ping_status":"closed","template":"","meta":[],"product_cat":[63],"product_tag":[],"class_list":{"0":"post-204","1":"product","2":"type-product","3":"status-publish","4":"has-post-thumbnail","6":"product_cat-appareil-de-desinfection","8":"first","9":"instock","10":"taxable","11":"shipping-taxable","12":"product-type-simple"},"_links":{"self":[{"href":"https:\/\/www.eco-sprayer.com\/pulverisateurs\/wp-json\/wp\/v2\/product\/204","targetHints":{"allow":["GET"]}}],"collection":[{"href":"https:\/\/www.eco-sprayer.com\/pulverisateurs\/wp-json\/wp\/v2\/product"}],"about":[{"href":"https:\/\/www.eco-sprayer.com\/pulverisateurs\/wp-json\/wp\/v2\/types\/product"}],"replies":[{"embeddable":true,"href":"https:\/\/www.eco-sprayer.com\/pulverisateurs\/wp-json\/wp\/v2\/comments?post=204"}],"version-history":[{"count":0,"href":"https:\/\/www.eco-sprayer.com\/pulverisateurs\/wp-json\/wp\/v2\/product\/204\/revisions"}],"wp:featuredmedia":[{"embeddable":true,"href":"https:\/\/www.eco-sprayer.com\/pulverisateurs\/wp-json\/wp\/v2\/media\/205"}],"wp:attachment":[{"href":"https:\/\/www.eco-sprayer.com\/pulverisateurs\/wp-json\/wp\/v2\/media?parent=204"}],"wp:term":[{"taxonomy":"product_cat","embeddable":true,"href":"https:\/\/www.eco-sprayer.com\/pulverisateurs\/wp-json\/wp\/v2\/product_cat?post=204"},{"taxonomy":"product_tag","embeddable":true,"href":"https:\/\/www.eco-sprayer.com\/pulverisateurs\/wp-json\/wp\/v2\/product_tag?post=204"}],"curies":[{"name":"wp","href":"https:\/\/api.w.org\/{rel}","templated":true}]}}