{"id":183,"date":"2020-04-14T21:10:06","date_gmt":"2020-04-14T19:10:06","guid":{"rendered":"https:\/\/www.eco-sprayer.com\/pulverisateurs\/?post_type=product&#038;p=183"},"modified":"2024-10-18T09:33:33","modified_gmt":"2024-10-18T07:33:33","slug":"nebulisateur-portable-de-desinfection-pegase","status":"publish","type":"product","link":"https:\/\/www.eco-sprayer.com\/pulverisateurs\/produit\/nebulisateur-portable-de-desinfection-pegase\/","title":{"rendered":"Machine portable de D\u00e9sinfection P\u00e9gase par n\u00e9bulisation Covid-19"},"content":{"rendered":"<p>Son interface intuitive facilite la proc\u00e9dure et rassure le personnel.<\/p>\n<p style=\"text-align: center;\"><span style=\"color: #ff6600;\"><strong> L\u00e9ger, robuste, efficace, il est conforme \u00e0 la<\/strong><\/span><br \/>\n<span style=\"color: #ff6600;\"><strong>r\u00e9glementation en vigueur (NFT 72-281 Version 2014).<\/strong><\/span><\/p>\n<h2><strong>Un concentr\u00e9 de simplicit\u00e9<\/strong><\/h2>\n<p><strong><em>PEGASE\u00ae <\/em><\/strong>est une n\u00e9buliseur portable l\u00e9ger de D\u00e9sinfection des Surfaces par Voie A\u00e9rienne (DSVA) int\u00e9grant un syst\u00e8me venturi \u00e0 Vortex contr\u00f4l\u00e9 d\u2019une port\u00e9e de 20 m\u00e8tres produisant un brouillard sec et froid \u00e9vitant ainsi les risques de corrosion.<\/p>\n<p>Compact, robuste et ergonomique, <strong><em>PEGASE\u00ae <\/em><\/strong>int\u00e8gre un retardateur de 90 secondes avant la diffusion et une alarme sonore progressive pour faciliter le quotidien des op\u00e9rateurs.<\/p>\n<h3><span style=\"color: #ff6600;\"><strong>Une r\u00e9ponse \u00e0 votre strat\u00e9gie de ma\u00eetrise des risques<\/strong><\/span><\/h3>\n<p><strong><em>PEGASE\u00ae <\/em><\/strong>est conforme \u00e0 la norme NF T 72-281 version 2014 en association avec le d\u00e9sinfectant pr\u00eat \u00e0 l\u2019emploi <strong><em>IODVA\u00ae<\/em><\/strong>. De plus, gr\u00e2ce sa coque en ABS, il est simple \u00e0 nettoyer et extr\u00eamement r\u00e9sistant aux chocs.<\/p>\n<h3><strong>Un <\/strong><strong>proc\u00e9d\u00e9 <\/strong><strong>qui <\/strong><strong>s\u2019adapte <\/strong><strong>\u00e0 votre organisation\u2026<\/strong><\/h3>\n<p><strong><em>PEGASE\u00ae <\/em><\/strong>se lance en fin de journ\u00e9e ou lorsque la zone est lib\u00e9r\u00e9e et fonctionne sans n\u00e9cessiter la pr\u00e9sence d&#8217;un op\u00e9rateur.<\/p>\n<h3><span style=\"color: #ff6600;\">Polyvalent, \u00e9conomique, reconnu efficace covid-19\u2026<\/span><\/h3>\n<p>A la fois l\u00e9ger (5,3Kg) et puissant, PEGASE\u00ae vous suit<br \/>\npartout. Valid\u00e9 selon la norme NFT 72-281 Version<br \/>\n2014 pour un dosage tr\u00e8s \u00e9conomique de 5ml\/m3, il<br \/>\npeut traiter jusqu\u2019\u00e0 200m3 en une fois.<\/p>\n<h3><span style=\"color: #ff6600;\">\u2026 et \u00e9cologique :<\/span><\/h3>\n<p>Le d\u00e9sinfectant\u00a0 ne contient ni adjuvant ni r\u00e9sidu organique. Le cycle de d\u00e9sinfection par n\u00e9bulisation seche se termine par la d\u00e9gradation totale en oxyg\u00e8ne libre et en eau, sans aucun r\u00e9sidu. IODVA\u00ae est un biocide TP2, TP4<br \/>\nselon le r\u00e8glement europ\u00e9en 2009\/107\/CE sous le num\u00e9ro d\u2019autorisation BC-LV 033912-15\/1 contenant 7% de peroxyde d\u2019hydrog\u00e8ne et 0,45% d\u2019acide perac\u00e9tique. Le <a href=\"https:\/\/www.eco-sprayer.com\/pulverisateurs\/produit\/peroxyde-dhydrogene\/\">peroxyde hydrog\u00e8ne<\/a> H2O2 conseill\u00e9 est aussi l&#8217;un des d\u00e9sinfectants reconnu comme des plus efficace contre la covid-19 et toute autre coronavirus (virus a coque)<\/p>\n<p>&nbsp;<\/p>\n<p>&nbsp;<\/p>\n<p>&nbsp;<\/p>\n<hr \/>\n<p><span style=\"color: #ff6600;\"><strong>Characteristiques<\/strong><\/span><\/p>\n<p>Maintenance et entretien minimum<br \/>\nVolume maximal trait\u00e9 : 200 m3<br \/>\nD\u00e9bit de l\u2019appareil : 4 m3\/min<br \/>\nVolume des recharges: 1 L<br \/>\nMat\u00e9riaux compatibles avec H2O2<br \/>\nConformit\u00e9<br \/>\nPoids : 5,3 Kg<\/p>\n<figure id=\"attachment_543\" aria-describedby=\"caption-attachment-543\" style=\"width: 225px\" class=\"wp-caption alignleft\"><img fetchpriority=\"high\" decoding=\"async\" class=\"size-medium wp-image-543\" src=\"https:\/\/www.eco-sprayer.com\/pulverisateurs\/wp-content\/uploads\/2020\/04\/machine-desinfection-1-225x400.jpg\" alt=\"machine de d\u00e9sinfection\" width=\"225\" height=\"400\" srcset=\"https:\/\/www.eco-sprayer.com\/pulverisateurs\/wp-content\/uploads\/2020\/04\/machine-desinfection-1-225x400.jpg 225w, https:\/\/www.eco-sprayer.com\/pulverisateurs\/wp-content\/uploads\/2020\/04\/machine-desinfection-1-768x1365.jpg 768w, https:\/\/www.eco-sprayer.com\/pulverisateurs\/wp-content\/uploads\/2020\/04\/machine-desinfection-1-576x1024.jpg 576w, https:\/\/www.eco-sprayer.com\/pulverisateurs\/wp-content\/uploads\/2020\/04\/machine-desinfection-1-600x1067.jpg 600w, https:\/\/www.eco-sprayer.com\/pulverisateurs\/wp-content\/uploads\/2020\/04\/machine-desinfection-1.jpg 1700w\" sizes=\"(max-width: 225px) 100vw, 225px\" \/><figcaption id=\"caption-attachment-543\" class=\"wp-caption-text\">Appareil de d\u00e9sinfection<\/figcaption><\/figure>\n<p><span style=\"color: #ff6600;\"><strong>Descriptif de l\u2019appareil<\/strong><\/span><\/p>\n<p>Programmation du volume \u00e0 traiter<br \/>\n: calcul automatique du temps de diffusion et lancement du<br \/>\nretardateur (90 sec.),<br \/>\nAlarme sonore progressive,<br \/>\nDimensions : 300 x 300 mm,<br \/>\nMobilit\u00e9 facilit\u00e9e sa poign\u00e9e.<\/p>\n<p><strong><span style=\"color: #ff6600;\">Secteurs d\u2019application<\/span><\/strong><\/p>\n<p>Cr\u00e8ches, Maisons de retraites,<br \/>\nLaboratoires,<br \/>\nZootechnie,<br \/>\nChambres froides,<br \/>\nChambres de patient,<br \/>\nV\u00e9hicules sanitaires,<br \/>\nZones \u00e0 risques infectieux.<\/p>\n<p>&nbsp;<\/p>\n<p><strong><span style=\"color: #003300;\">Protocole de d\u00e9sinfection :<\/span><\/strong> La pulv\u00e9risation du produit de d\u00e9sinfection par <strong>brumisation<\/strong> ce fait durant quelques minutes 5 \u00e0 20 minutes celons la taille de la pi\u00e8ce (0,5 litres pour 100m3). Un <strong>brouillard<\/strong> sec complet se propage dans les locaux. L&#8217;ensemble de l\u2019atmosph\u00e8re est alors <strong>d\u00e9sinfect\u00e9<\/strong>. Le brouillard sec se d\u00e9pose peu a peu sur toutes les <strong>surfaces<\/strong>. Ainsi les moindre recoins et tous les objets, ustensiles, tapis, ordinateurs et m\u00eame produit<\/p>\n<figure id=\"attachment_548\" aria-describedby=\"caption-attachment-548\" style=\"width: 400px\" class=\"wp-caption alignleft\"><img decoding=\"async\" class=\"size-medium wp-image-543 wp-image-548 size-medium\" title=\"equipement desinfection\" src=\"https:\/\/www.eco-sprayer.com\/pulverisateurs\/wp-content\/uploads\/2020\/04\/IMG-20200401-WA0069-e1605989278529-400x300.jpg\" alt=\"desinfection equipement\" width=\"400\" height=\"300\" \/><figcaption id=\"caption-attachment-548\" class=\"wp-caption-text\">\u00e9quipement combinaison masque<\/figcaption><\/figure>\n<p>organique sont recouverts de fine gouttelettes s\u00e8ches . Le produit ne mouille pas. L\u2019op\u00e9ration se fait hors pr\u00e9sence humaine, car nocive pour les muqueuses. On laisse alors<strong> le produit agir pendant 2 heures<\/strong> .<\/p>\n<p>Les<strong> locaux sont ensuite a\u00e9r\u00e9s<\/strong> afin de dissiper toute particules restantes dans l&#8217;air. Au moment d&#8217;entrer dans les lieux la personnes doit \u00eatre prot\u00e9g\u00e9 par un masque et des lunettes. Une fois la pi\u00e8ce a\u00e9r\u00e9e plus aucun danger ne persiste.<\/p>\n<p>&nbsp;<\/p>\n<p>&nbsp;<\/p>\n<p>&nbsp;<\/p>\n<p>Selon les connaissances actuelles, la <strong>norme NF T72-281<\/strong> d&#8217;\u00e9valuation de l&#8217;activit\u00e9 germicide constitue une r\u00e9f\u00e9rence pour l&#8217;\u00e9valuation de l&#8217;efficacit\u00e9 microbiologique d&#8217;un proc\u00e9d\u00e9 (couple dispositif \/ produit de st\u00e9rilisation). Fongicides, fongicides et sporicides (2009) 5. D&#8217;une part, il simule le DSVA dans les conditions d&#8217;utilisation, d&#8217;autre part il ajuste certains param\u00e8tres pouvant affecter l&#8217;efficacit\u00e9 microbienne (volume de la pi\u00e8ce, humidit\u00e9, temp\u00e9rature, etc.). Notre machine <strong>P\u00e9gase<\/strong> \u00e0 pass\u00e9e les tests et est donc aux <strong>normes NF T72-281 couple machine \/ produit , <\/strong>test r\u00e9alis\u00e9 par un laboratoire Cofrac accr\u00e9dit\u00e9<strong>.<\/strong><\/p>\n<p>Le produit utilis\u00e9 est le Peroxyde d\u2019hydrog\u00e8ne ou l&#8217;<a href=\"https:\/\/www.eco-sprayer.com\/pulverisateurs\/produit\/produit-de-desinfection\/\">acide paracetique.<\/a><\/p>\n<p>Le protocole a mettre en place est diff\u00e9rent celons chaque laboratoire, chaque local en fonction des virus ou bact\u00e9ries a \u00e9radiquer , il convient a chaque acteur d&#8217;adapter son produit et sa machine en fonction des objectifs a r\u00e9aliser .<\/p>\n<p>Vous pouvez consulter les <a href=\"https:\/\/ansm.sante.fr\/var\/ansm_site\/storage\/original\/application\/f9267cb30a296eedb359f513ea33137a.pdf\">recommandation de ANSM<\/a><\/p>\n<p>L&#8217;Afssaps consid\u00e8re que les tests standardis\u00e9s li\u00e9s \u00e0 la d\u00e9termination de l&#8217;activit\u00e9 bact\u00e9ricide, fongicide, bact\u00e9ricide et sporicide selon la norme NF T72-281 repr\u00e9sentent les conditions d&#8217;utilisation du proc\u00e9d\u00e9 DSVA.<\/p>\n<p>Cependant, il faut comprendre que la DSVA ne peut se substituer aux proc\u00e9dures quotidiennes de nettoyage .<\/p>\n","protected":false},"excerpt":{"rendered":"<p><strong>PEGASE\u00ae conforme \u00e0 la norme NF T72-281&#8243;\u00a0 <\/strong>r\u00e9pond avec simplicit\u00e9 et pr\u00e9cision \u00e0 des besoins de D\u00e9sinfection des Surfaces par Voie A\u00e9rienne (DSVA) de volumes compris entre 5 et 200 m3. Couple machine \/ produit r\u00e9alis\u00e9 en laboratoire, norm\u00e9 et\u00a0 efficace contre les\u00a0 bact\u00e9ries, virus et champignons.<\/p>\n","protected":false},"featured_media":563,"comment_status":"open","ping_status":"closed","template":"","meta":[],"product_cat":[60,61],"product_tag":[],"class_list":{"0":"post-183","1":"product","2":"type-product","3":"status-publish","4":"has-post-thumbnail","6":"product_cat-appareil-de-desinfection-par-voie-aerienne","7":"product_cat-produit-desinfection-par-voie-aerienne","8":"product_shipping_class-frais-de-livraison","10":"first","11":"instock","12":"taxable","13":"shipping-taxable","14":"product-type-simple"},"_links":{"self":[{"href":"https:\/\/www.eco-sprayer.com\/pulverisateurs\/wp-json\/wp\/v2\/product\/183","targetHints":{"allow":["GET"]}}],"collection":[{"href":"https:\/\/www.eco-sprayer.com\/pulverisateurs\/wp-json\/wp\/v2\/product"}],"about":[{"href":"https:\/\/www.eco-sprayer.com\/pulverisateurs\/wp-json\/wp\/v2\/types\/product"}],"replies":[{"embeddable":true,"href":"https:\/\/www.eco-sprayer.com\/pulverisateurs\/wp-json\/wp\/v2\/comments?post=183"}],"version-history":[{"count":0,"href":"https:\/\/www.eco-sprayer.com\/pulverisateurs\/wp-json\/wp\/v2\/product\/183\/revisions"}],"wp:featuredmedia":[{"embeddable":true,"href":"https:\/\/www.eco-sprayer.com\/pulverisateurs\/wp-json\/wp\/v2\/media\/563"}],"wp:attachment":[{"href":"https:\/\/www.eco-sprayer.com\/pulverisateurs\/wp-json\/wp\/v2\/media?parent=183"}],"wp:term":[{"taxonomy":"product_cat","embeddable":true,"href":"https:\/\/www.eco-sprayer.com\/pulverisateurs\/wp-json\/wp\/v2\/product_cat?post=183"},{"taxonomy":"product_tag","embeddable":true,"href":"https:\/\/www.eco-sprayer.com\/pulverisateurs\/wp-json\/wp\/v2\/product_tag?post=183"}],"curies":[{"name":"wp","href":"https:\/\/api.w.org\/{rel}","templated":true}]}}