{"id":170,"date":"2019-12-21T19:05:56","date_gmt":"2019-12-21T18:05:56","guid":{"rendered":"https:\/\/www.eco-sprayer.com\/pulverisateurs\/?post_type=product&#038;p=170"},"modified":"2026-04-29T02:13:06","modified_gmt":"2026-04-29T00:13:06","slug":"produit-de-desinfection","status":"publish","type":"product","link":"https:\/\/www.eco-sprayer.com\/pulverisateurs\/produit\/produit-de-desinfection\/","title":{"rendered":"Produit d\u00e9sinfectant Acide perac\u00e9tique d\u00e9contamination par voie a\u00e9rienne"},"content":{"rendered":"<h1>Acide perac\u00e9tique\u00a0: les informations \u00e0 conna\u00eetre<\/h1>\n<p>L\u2019acide perac\u00e9tique, \u00e9galement connu sous le nom d\u2019acide peroxyac\u00e9tique ou APA, est un compos\u00e9 chimique organique \u00e0 usage multiple. Son utilisation est devenue une habitude dans diff\u00e9rents domaines de par ses grands propri\u00e9t\u00e9s.<\/p>\n<p style=\"text-align: center;\"><em><span style=\"color: #ff0000;\"><strong><u><a style=\"color: #ff0000;\" href=\"https:\/\/www.eco-sprayer.com\/#form1-6\">Pour toute demande ou commande veuillez nous contacter<\/a><\/u><\/strong><\/span><\/em><\/p>\n<p><span style=\"color: #ff0000;\"><strong>Achat de Bidon de 10L<\/strong><\/span><\/p>\n<p><strong>Quantit\u00e9es requises:<\/strong><\/p>\n<p>&#8211; Pour de la desinfection par voie a\u00e9rienne DSVA : 6ml\/m3<\/p>\n<p>-Pour de la d\u00e9sodorisation 1ml\/m3<\/p>\n<p>Produit pour de la d\u00e9sinfection par voie a\u00e9rienne des locaux\u00a0 :<br \/>\nEtablissements de sant\u00e9,\u00a0 maisons de retraite, laboratoire , ambulances<br \/>\ncollectivit\u00e9s&#8230;<\/p>\n<p>D\u00e9signation Normes<br \/>\n<strong>BACTERICIDIE<\/strong><\/p>\n<p>NFT 72-150<br \/>\nNFT 72-150 vs M.smegmatis<br \/>\nNFT 72-300 actif sur M.tuberculosis<br \/>\nFONGICIDIE NFT 72-200 sur C.albicans<br \/>\nNFT 72-300 sur C.albicans<\/p>\n<h2>Agent d\u00e9sinfectant et st\u00e9rilisateur efficace<\/h2>\n<p>\u00c0 ce jour, les <strong>d\u00e9sinfectants \u00e0 base d\u2019acide perac\u00e9tique<\/strong> restent l\u2019un des produits les plus utilis\u00e9s pour \u00e9liminer tous les <strong>germes et virus<\/strong>. Dans le domaine <strong>m\u00e9dical<\/strong>, des agents \u00e0 base de cet oxydant \u00e9liminent les contaminants de surface (principalement les prot\u00e9ines) sur les diff\u00e9rents dispositifs comme le tube endoscopique\u2009; une machine automatis\u00e9e utilisant l\u2019acide perac\u00e9tique pour st\u00e9riliser chimiquement les instruments m\u00e9dicaux, chirurgicaux et dentaires.<\/p>\n<p>La propret\u00e9 est en effet essentielle dans tout environnement de production ou de soins de sant\u00e9 o\u00f9 une personne ou un produit pourrait \u00eatre porteur d\u2019agents pathog\u00e8nes. Les agents pathog\u00e8nes sont n\u00e9fastes sur les personnes malades ou immunod\u00e9prim\u00e9es. Des mesures de d\u00e9contamination et de st\u00e9rilisation garantissent que les produits, les emballages et les outils ne serviraient pas de vecteurs et ne transmettront pas de <strong>bact\u00e9ries, de champignons, de spores ou de virus<\/strong> aux patients vuln\u00e9rables.<\/p>\n<p>Le PA est un excellent agent <strong>sporicide<\/strong> et parfait pour la d\u00e9sinfection \u00e0<strong> large spectre<\/strong> pour salles blanches. Il ne laisse pas de r\u00e9sidus, il reste actif pendant l\u2019exposition aux mati\u00e8res organiques (comme le sang), il est respectueux de l\u2019environnement et est efficace contre les microbes et les spores avec un temps de cycle rapide.<\/p>\n<h2>Les composants du produit<\/h2>\n<p>Il s\u2019agit du r\u00e9sultat de la r\u00e9action de l\u2019\u00e2cre ac\u00e9tique et du peroxyde d\u2019hydrog\u00e8ne avec un catalyseur acide. L\u2019acide perac\u00e9tique est un liquide incolore avec une forte odeur am\u00e8re et piquante. Il est utilis\u00e9 dans diff\u00e9rents secteurs comme bact\u00e9ricide et fongicide, en particulier dans la d\u00e9sinfection a\u00e9rienne et dans la \u00a0transformation des aliments. C\u2019est une excellente alternative en guise de r\u00e9actif dans la fabrication du caprolactame et du glyc\u00e9rol. Cependant, il peut aussi \u00eatre un bon oxydant pour la pr\u00e9paration de compos\u00e9s \u00e9poxy\u2009; agent de blanchiment\u2009; agent st\u00e9rilisant\u2009; ou catalyseur de polym\u00e9risation pour les r\u00e9sines de polyester.<\/p>\n<p>Pour les utilisations domestiques, le produit est retrouv\u00e9 dans des solutions stabilis\u00e9es. Ces m\u00e9langes contiennent de l\u2019acide ac\u00e9tique, du peroxyde d\u2019hydrog\u00e8ne et de l\u2019eau.<\/p>\n<h2>Ses diff\u00e9rentes utilisations<\/h2>\n<p>Gr\u00e2ce \u00e0 ses attraits multiples, cet oxydant est fortement pr\u00e9sent au sein de grands secteurs\u00a0: agroalimentaire, textile, nettoyage, construction, m\u00e9dicale\u2026\u00c0 titre d\u2019exemple, le produit est us\u00e9 notamment comme <strong>d\u00e9sinfectant chimique dans les soins de sant\u00e9<\/strong>, l\u2019industrie alimentaire et pendant le traitement de l\u2019eau. L\u2019acide perac\u00e9tique peut \u00e9galement servir \u00e0 la conception d\u2019interm\u00e9diaires artificiels dans les produits pharmaceutiques.<\/p>\n<p>De nombreux utilisateurs savent que l\u2019acide perac\u00e9tique est polyvalent et efficace. C\u2019est pourquoi les professionnels ayant des responsabilit\u00e9s environnementales le consid\u00e8rent comme respectueux du biotope en raison de ses aboutissements de d\u00e9composition. Cependant, les hygi\u00e9nistes industriels reconnaissent qu\u2019il est aussi tr\u00e8s corrosif et un puissant oxydant. L\u2019exposition \u00e0 l\u2019acide perac\u00e9tique peut gravement irriter les yeux, la peau et le syst\u00e8me respiratoire. En effet, en tant que substance corrosive, il cause un larmoiement, un inconfort extr\u00eame et une irritation des voies respiratoires sup\u00e9rieures chez les humains m\u00eame \u00e0 un contact avec des concentrations aussi faibles que 15,6\u00a0mg d\u2019acide perac\u00e9tique\/m3 (5\u00a0ppm) pendant seulement 3\u00a0minutes.Pour une s\u00e9curit\u00e9 optimale, les industries alimentaires et sanitaires jouissent d\u2019un produit vendu sous forme de concentr\u00e9s de 1 \u00e0 5\u00a0% et sont dilu\u00e9es avant utilisation.<\/p>\n","protected":false},"excerpt":{"rendered":"<p>Acide perac\u00e9tique\u00a0: les informations \u00e0 conna\u00eetre L\u2019acide perac\u00e9tique, \u00e9galement connu sous le nom d\u2019acide peroxyac\u00e9tique ou APA, est un compos\u00e9 chimique organique \u00e0 usage multiple. Son utilisation est devenue une habitude dans diff\u00e9rents domaines de par ses grands propri\u00e9t\u00e9s. Pour toute demande ou commande veuillez nous contacter Achat de Bidon de 10L Quantit\u00e9es requises: &#8211;<a class=\"moretag\" href=\"https:\/\/www.eco-sprayer.com\/pulverisateurs\/produit\/produit-de-desinfection\/\"><span class=\"screen-reader-text\">En savoir plus surProduit d\u00e9sinfectant Acide perac\u00e9tique d\u00e9contamination par voie a\u00e9rienne<\/span>[&#8230;]<\/a><\/p>\n","protected":false},"featured_media":172,"comment_status":"open","ping_status":"closed","template":"","meta":[],"product_cat":[61],"product_tag":[],"class_list":{"0":"post-170","1":"product","2":"type-product","3":"status-publish","4":"has-post-thumbnail","6":"product_cat-produit-desinfection-par-voie-aerienne","8":"first","9":"instock","10":"taxable","11":"shipping-taxable","12":"product-type-simple"},"_links":{"self":[{"href":"https:\/\/www.eco-sprayer.com\/pulverisateurs\/wp-json\/wp\/v2\/product\/170","targetHints":{"allow":["GET"]}}],"collection":[{"href":"https:\/\/www.eco-sprayer.com\/pulverisateurs\/wp-json\/wp\/v2\/product"}],"about":[{"href":"https:\/\/www.eco-sprayer.com\/pulverisateurs\/wp-json\/wp\/v2\/types\/product"}],"replies":[{"embeddable":true,"href":"https:\/\/www.eco-sprayer.com\/pulverisateurs\/wp-json\/wp\/v2\/comments?post=170"}],"version-history":[{"count":0,"href":"https:\/\/www.eco-sprayer.com\/pulverisateurs\/wp-json\/wp\/v2\/product\/170\/revisions"}],"wp:featuredmedia":[{"embeddable":true,"href":"https:\/\/www.eco-sprayer.com\/pulverisateurs\/wp-json\/wp\/v2\/media\/172"}],"wp:attachment":[{"href":"https:\/\/www.eco-sprayer.com\/pulverisateurs\/wp-json\/wp\/v2\/media?parent=170"}],"wp:term":[{"taxonomy":"product_cat","embeddable":true,"href":"https:\/\/www.eco-sprayer.com\/pulverisateurs\/wp-json\/wp\/v2\/product_cat?post=170"},{"taxonomy":"product_tag","embeddable":true,"href":"https:\/\/www.eco-sprayer.com\/pulverisateurs\/wp-json\/wp\/v2\/product_tag?post=170"}],"curies":[{"name":"wp","href":"https:\/\/api.w.org\/{rel}","templated":true}]}}