{"id":165,"date":"2019-12-18T20:12:26","date_gmt":"2019-12-18T19:12:26","guid":{"rendered":"https:\/\/www.eco-sprayer.com\/pulverisateurs\/?post_type=product&#038;p=165"},"modified":"2022-02-04T13:20:34","modified_gmt":"2022-02-04T12:20:34","slug":"nebuliseur-brumisateur-suspendus-oscillant-3000-15-000-ml-h","status":"publish","type":"product","link":"https:\/\/www.eco-sprayer.com\/pulverisateurs\/produit\/nebuliseur-brumisateur-suspendus-oscillant-3000-15-000-ml-h\/","title":{"rendered":"N\u00e9buliseur \/ Brumisateur suspendus oscillant 3000\/15 000 mL\/h"},"content":{"rendered":"<h1>N\u00e9buliseur oscillant suspendu programmable. D\u00e9bit 3000 mL\/h(existe en en 10 000 et 15 000 mL\/h)<\/h1>\n<section class=\"page-product-box\">\n<h3 class=\"page-product-heading\">Descriptif brumisateur<\/h3>\n<div class=\"rte\">\n<p>Ce n\u00e9buliseur est orientable et <strong>rotatif<\/strong> afin de diffuser, brumiser,\u00a0 tous liquides corrosif ou non sur <strong>360\u00b0<\/strong>. Son ventilateur \u00e9quip\u00e9 d&#8217;un moteur tr\u00e8s puissant permettra l&#8217;\u00e9parpillement des liquides en ultra fines gouttelettes dans atmosph\u00e8res de mani\u00e8re homog\u00e8ne.\u00a0 La propulsion se fera sur plusieurs m\u00e8tres gr\u00e2ce \u00e0 la puissance du ventilateur, pouvant ainsi traiter des volumes importants en int\u00e9rieur (<strong>grands volumes jusqu&#8217;a 380m3<\/strong>)\u00a0 comme en ext\u00e9rieur<\/p>\n<\/div>\n<\/section>\n<p>\u00c9quip\u00e9 d&#8217;une pompe p\u00e9ristaltique, d&#8217;un \u00e9cran de visualisation, la pulv\u00e9risation des produits peut \u00eatre r\u00e9alis\u00e9e en une seule fois ou de mani\u00e8re cyclique.<\/p>\n<section class=\"page-product-box\">\n<div class=\"rte\">\n<p><strong>Programmation de la machine :\u00a0<\/strong> Pour un <strong>debit<\/strong> de 3000 mL\/h il faut 10 minutes pour pulv\u00e9riser 500 Ml de produits. Celui ci peut etre pulv\u00e9ris\u00e9 avec la fonction <strong>Cycle<\/strong> de l&#8217;appareil en 1 fois ou 99 fois ! le cycle permettant un fractionnement de 1 \u00e0 99 fois. La fonction <strong>dur\u00e9e, peut d\u00e9terminer la dur\u00e9e de chaque cycle en fonction de quantit\u00e9 de produit. <\/strong>Un cycle peut \u00eatre de 0 a 99 minutes.\u00a0 Il existe \u00e9galement une fonction temps qui d\u00e9termine un temps de pause entre chaque cycle.<\/p>\n<p>Munit :<\/p>\n<ul>\n<li><strong>Capteur de pr\u00e9sence<\/strong> de liquide avec arr\u00eat automatique.<\/li>\n<li><strong>Led de contr\u00f4le<\/strong> a distance du bon fonctionnement<\/li>\n<li><strong>Vidange automatique<\/strong> du produits en fin de cycle (afin qu&#8217;aucun produit ne reste dans les tuyaux)<\/li>\n<li><strong>Mises en s\u00e9rie de plusieurs appareils<\/strong> avec commande centralis\u00e9e.<\/li>\n<li>Compatibilit\u00e9e des liquides: Tous types de <strong>liquides visqueux ou non visqueux<\/strong>, non inflammables<\/li>\n<li>Appareil en <strong>acider inox<\/strong> 304L<\/li>\n<li>Nous contacter pour plus d&#8217;informations.<\/li>\n<\/ul>\n<\/div>\n<\/section>\n","protected":false},"excerpt":{"rendered":"<p><span style=\"color: #003366;\">N\u00e9buliseur rotatif suspendu grand volume, simple ou en s\u00e9rie.<\/span><\/p>\n","protected":false},"featured_media":638,"comment_status":"open","ping_status":"closed","template":"","meta":[],"product_cat":[60,42],"product_tag":[],"class_list":{"0":"post-165","1":"product","2":"type-product","3":"status-publish","4":"has-post-thumbnail","6":"product_cat-appareil-de-desinfection-par-voie-aerienne","7":"product_cat-eco-sprayer","8":"product_shipping_class-livraison-gratuite","10":"first","11":"instock","12":"taxable","13":"shipping-taxable","14":"product-type-simple"},"_links":{"self":[{"href":"https:\/\/www.eco-sprayer.com\/pulverisateurs\/wp-json\/wp\/v2\/product\/165","targetHints":{"allow":["GET"]}}],"collection":[{"href":"https:\/\/www.eco-sprayer.com\/pulverisateurs\/wp-json\/wp\/v2\/product"}],"about":[{"href":"https:\/\/www.eco-sprayer.com\/pulverisateurs\/wp-json\/wp\/v2\/types\/product"}],"replies":[{"embeddable":true,"href":"https:\/\/www.eco-sprayer.com\/pulverisateurs\/wp-json\/wp\/v2\/comments?post=165"}],"version-history":[{"count":0,"href":"https:\/\/www.eco-sprayer.com\/pulverisateurs\/wp-json\/wp\/v2\/product\/165\/revisions"}],"wp:featuredmedia":[{"embeddable":true,"href":"https:\/\/www.eco-sprayer.com\/pulverisateurs\/wp-json\/wp\/v2\/media\/638"}],"wp:attachment":[{"href":"https:\/\/www.eco-sprayer.com\/pulverisateurs\/wp-json\/wp\/v2\/media?parent=165"}],"wp:term":[{"taxonomy":"product_cat","embeddable":true,"href":"https:\/\/www.eco-sprayer.com\/pulverisateurs\/wp-json\/wp\/v2\/product_cat?post=165"},{"taxonomy":"product_tag","embeddable":true,"href":"https:\/\/www.eco-sprayer.com\/pulverisateurs\/wp-json\/wp\/v2\/product_tag?post=165"}],"curies":[{"name":"wp","href":"https:\/\/api.w.org\/{rel}","templated":true}]}}