{"id":129,"date":"2019-05-27T18:41:51","date_gmt":"2019-05-27T16:41:51","guid":{"rendered":"https:\/\/www.eco-sprayer.com\/pulverisateurs\/?post_type=product&#038;p=129"},"modified":"2026-05-05T13:56:02","modified_gmt":"2026-05-05T11:56:02","slug":"appareil-desinfection-des-psm-decontamination","status":"publish","type":"product","link":"https:\/\/www.eco-sprayer.com\/pulverisateurs\/produit\/appareil-desinfection-des-psm-decontamination\/","title":{"rendered":"D\u00e9sinfection brumisation PSM Hotte appareil isolateurs"},"content":{"rendered":"\r\n<h2 class=\"wp-block-heading\"><strong>La d\u00e9contamination des PSM et tr\u00e8s petits volumes<\/strong><\/h2>\r\n\r\n\r\n\r\n<p style=\"text-align: center;\">Un PSM, ou Poste de S\u00e9curit\u00e9 <span style=\"color: #ff0000;\"><span style=\"color: #000000;\">Microbiologique,<\/span><\/span> d\u00e9signe un mat\u00e9riel de protection collective permettant de pr\u00e9venir les contaminations par voie a\u00e9roport\u00e9e dans les laboratoires. Il s\u2019agit plus pr\u00e9cis\u00e9ment d\u2019une enceinte ventil\u00e9e dot\u00e9e d\u2019une filtration \u00e0 tr\u00e8s haute efficacit\u00e9 de l\u2019air pour prot\u00e9ger \u00e0 la fois l\u2019environnement et l\u2019utilisateur lors de la manipulation des produits biologiques pathog\u00e8nes potentiellement dangereux. <br \/><br \/><a title=\"Univ\" href=\"https:\/\/www.eco-sprayer.com\/#form1-6\" target=\"_blank\" rel=\"noopener\"><span style=\"color: #ff0000;\"><strong><u>Demande de devis<\/u><\/strong><\/span><\/a><\/p>\r\n\r\n\r\n\r\n\r\n\r\n<p><strong>La fr\u00e9quence n\u00e9cessaire pour faire la d\u00e9contamination<\/strong><\/p>\r\n\r\n\r\n\r\n<p>La norme EN 12469 est appliqu\u00e9e depuis le 1<sup>er<\/sup> janvier 2003, recommandant qu\u2019une d\u00e9contamination r\u00e9guli\u00e8re des surfaces accessibles et inaccessibles du PSM doit \u00eatre imp\u00e9rativement effectu\u00e9e :<\/p>\r\n\r\n\r\n\r\n<ul class=\"wp-block-list\">\r\n<li>Avant de proc\u00e9der \u00e0 tout type de maintenance<\/li>\r\n<li>Avant de changer les filtres<\/li>\r\n<li>Avant de d\u00e9m\u00e9nager<\/li>\r\n<li>Avant la mise en d\u00e9chet<\/li>\r\n<li>Apr\u00e8s avoir chang\u00e9 d\u2019activit\u00e9<\/li>\r\n<li>Apr\u00e8s avoir constat\u00e9 la pr\u00e9sence d\u2019une contamination<\/li>\r\n<\/ul>\r\n\r\n\r\n\r\n<p>La norme EN 12469 se d\u00e9cline en NF- EN 12469 en France ; BS-EN 12469 en Grande Bretagne ; TUV-EN12469 en Allemagne.<\/p>\r\n\r\n<table style=\"border-collapse: collapse; margin-left: 5.56pt;\" cellspacing=\"0\">\r\n<tbody>\r\n<tr style=\"height: 20pt;\">\r\n<td style=\"width: 119pt; border-bottom-style: solid; border-bottom-width: 1pt; border-bottom-color: #002173; border-right-style: solid; border-right-width: 1pt; border-right-color: #002173;\" bgcolor=\"#DBE4F0\">\r\n<p class=\"s2\" style=\"padding-top: 3pt; padding-left: 5pt; text-indent: 0pt; text-align: left;\"><\/p>\r\n<\/td>\r\n<td style=\"width: 118pt; border-left-style: solid; border-left-width: 1pt; border-left-color: #002173; border-bottom-style: solid; border-bottom-width: 1pt; border-bottom-color: #002173; border-right-style: solid; border-right-width: 1pt; border-right-color: #002173;\">\r\n<p class=\"s3\" style=\"padding-top: 1pt; padding-left: 5pt; text-indent: 0pt; text-align: left;\"><\/p>\r\n<\/td>\r\n\r\n<\/tr><tr><td><p style=\"text-indent: 0pt; text-align: left;\"><img fetchpriority=\"high\" decoding=\"async\" class=\"alignnone size-medium wp-image-926\" src=\"https:\/\/www.eco-sprayer.com\/pulverisateurs\/wp-content\/uploads\/2019\/05\/240_F_39403359_2JQyBRxSmrk0YCedM8F1G93QTTAGS7mK.jpg\" alt=\"\" width=\"400\" height=\"250\" \/><\/td><td><p style=\"text-indent: 0pt; text-align: left;\"><img decoding=\"async\" class=\"alignnone size-medium wp-image-926\" src=\"https:\/\/www.eco-sprayer.com\/pulverisateurs\/wp-content\/uploads\/2019\/05\/psm3-400x300.jpg\" alt=\"Machine desinfection des psm\" width=\"400\" height=\"300\" class=\"alignnone size-medium wp-image-985\" \/> D\u00e9sinfection des psm<\/td><\/tr><\/table>\r\n\r\n\r\n\r\n\r\n\r\n<h3 class=\"wp-block-heading\">Les diff\u00e9rents types de PSM<\/h3>\r\n\r\n\r\n\r\n<p>La norme <strong>EN 12469<\/strong> classifie les PSM en trois types, selon les moyens technologiques mis en \u0153uvre et les niveaux de protections assur\u00e9s.<\/p>\r\n\r\n\r\n\r\n<p><strong>PSM Type I<\/strong><\/p>\r\n\r\n\r\n\r\n<p>Le PSM Type I ne prot\u00e8ge que l\u2019utilisateur, c&#8217;est-\u00e0-dire qu\u2019il ne permet pas la protection des produits manipul\u00e9s. L\u2019op\u00e9rateur est prot\u00e9g\u00e9 par la cr\u00e9ation d\u2019un flux d\u2019air qui entrera dans l\u2019enceinte ouverte sur le devant et celui-ci est \u00e9vacu\u00e9 dans l\u2019atmosph\u00e8re apr\u00e8s qu\u2019il passe \u00e0 travers un filtre HEPA \u00e0 tr\u00e8s haute efficacit\u00e9.<\/p>\r\n\r\n\r\n\r\n<p><strong>PSM Type II<\/strong><\/p>\r\n\r\n\r\n\r\n<p>Les PSM Type II permettent de prot\u00e9ger \u00e0 la fois l\u2019utilisateur, l\u2019atmosph\u00e8re et le produit manipul\u00e9.<\/p>\r\n\r\n\r\n\r\n<p>La protection de l\u2019utilisateur s\u2019effectue par une aspiration cr\u00e9\u00e9e sur le devant du plan de travail formant une barri\u00e8re entre l\u2019op\u00e9rateur et le produit manipul\u00e9.<\/p>\r\n\r\n\r\n\r\n<p>Quant \u00e0 la protection de l\u2019atmosph\u00e8re, cela se pr\u00e9sente par l\u2019\u00e9vacuation du flux d\u2019air en dehors de l\u2019enceinte en passant par un filtre \u00e0 tr\u00e8s haute efficacit\u00e9.<\/p>\r\n\r\n\r\n\r\n<p>Et concernant la protection du produit manipul\u00e9 contre la contamination, cela se fait par l\u2019\u00e9coulement unidirectionnel vertical d\u2019air filtr\u00e9. Des \u00e9quipements d\u00e9di\u00e9s permettent de programmer l\u2019\u00e9coulement afin que le flux d\u2019air filtr\u00e9 soit dirig\u00e9 vers le produit manipul\u00e9.<\/p>\r\n\r\n\r\n\r\n<p><strong>PSM Type III<\/strong><\/p>\r\n\r\n\r\n\r\n<p>Les PSM Type III assurent en m\u00eame temps la protection de l\u2019op\u00e9rateur et de l\u2019atmosph\u00e8re mais n\u2019assurent pas une protection particuli\u00e8re du produit contre la contamination crois\u00e9e \u00e0 cause de l\u2019inexistence d\u2019\u00e9coulement d\u2019air unidirectionnel dans l\u2019enceinte.<\/p>\r\n\r\n\r\n\r\n<p>L\u2019op\u00e9rateur est prot\u00e9g\u00e9 par la cr\u00e9ation d\u2019un volume de travail en d\u00e9pression n\u2019ayant pas d\u2019ouverture directe vers le laboratoire et du produit par l\u2019alimentation de l\u2019enceinte en air par le biais d\u2019un filtre \u00e0 tr\u00e8s haute efficacit\u00e9.<\/p>\r\n\r\n\r\n\r\n<p>L\u2019atmosph\u00e8re est prot\u00e9g\u00e9e par l\u2019\u00e9vacuation du flux d\u2019air en dehors de l\u2019enceinte en passant par deux filtres \u00e0 tr\u00e8s haute efficacit\u00e9, install\u00e9s en s\u00e9rie.<\/p>\r\n\r\n\r\n\r\n<p><strong>Nos appareils de d\u00e9contamination des PSM<\/strong><\/p>\r\n\r\n\r\n\r\n<p>Pour d\u00e9contaminer et d\u00e9sinfecter des PSM, Ecosprayer propose des appareils efficaces et robustes, en particuliers :<\/p>\r\n\r\n\r\n\r\n<ul class=\"wp-block-list\">\r\n<li><strong>L\u2019appareil de d\u00e9sinfection d\u00e9di\u00e9 aux petites et tr\u00e8s petites surfaces<\/strong><\/li>\r\n<\/ul>\r\n\r\n\r\n\r\n<p>C\u2019est le plus petit n\u00e9buliseur, sp\u00e9cialement con\u00e7u pour d\u00e9sinfecter de petites surfaces de moins de 40 M3 telles que : psm, isolateurs, sorbonnes, ambulances, armoires d\u2019animalerie, les petites pi\u00e8ces de laboratoires, les placards, les hottes, etc.<\/p>\r\n<p>L\u2019interface intuitive et ergonomique r\u00e9pond aux besoins en routine mais aussi aux exigences qualit\u00e9 plus pointues (Gestion des profils, de la tra\u00e7abilit\u00e9 et des cycles complets). La g\u00e9n\u00e9ration des protocole est robuste et son extraction par USB est des plus pratiques.<br \/>Son syst\u00e8me de gestion a\u00e9raulique int\u00e9gr\u00e9 DeFAN assure l\u2019homog\u00e9n\u00e9it\u00e9 des particules dans les volumes complexes.<\/p>\r\n\r\n\r\n\r\n<h3>Ils nous ont fait confiance :<\/h3>\r\n<div  class=\"lgx_logo_slider_app_wrapper lgx-logo-slider-wp\"><div class=\"lgx-logo-wrapper  nav-position-v-mid hover-default\"  ><div class=\"owl-carousel lgx-logo-carousel\"  data-autoplaytimeout=\"2000\"  data-autoplayspeed=\"1000\"  data-margin=\"10\"  data-loop=\"true\"  data-autoplay=\"true\"  data-autoplayhoverpause=\"false\"  data-dots=\"true\"  data-itemlarge=\"5\"  data-itemdesk=\"3\"  data-itemtablet=\"3\"  data-itemmobile=\"2\"  data-navlarge=\"true\"  data-navdesk=\"true\"  data-navtablet=\"true\"  data-navmobile=\"true\"  ><div class=\"item lgx-log-item\" ><div class=\"lgx-logo-item\" ><img decoding=\"async\" class=\"lgx-logo-img skip-lazy\" src=\"https:\/\/www.eco-sprayer.com\/pulverisateurs\/wp-content\/uploads\/2021\/02\/servia.png\" style=\"max-width: 350px;max-height: 350px;\"   alt=\"\" title=\"Company\" \/><\/div><\/div><div class=\"item lgx-log-item\" ><div class=\"lgx-logo-item\" ><img decoding=\"async\" class=\"lgx-logo-img skip-lazy\" src=\"https:\/\/www.eco-sprayer.com\/pulverisateurs\/wp-content\/uploads\/2021\/02\/logo-UT3_RVB.png\" style=\"max-width: 350px;max-height: 350px;\"   alt=\"\" title=\"Company\" \/><\/div><\/div><div class=\"item lgx-log-item\" ><div class=\"lgx-logo-item\" ><img decoding=\"async\" class=\"lgx-logo-img skip-lazy\" src=\"https:\/\/www.eco-sprayer.com\/pulverisateurs\/wp-content\/uploads\/2021\/02\/logo-inserm.jpg\" style=\"max-width: 350px;max-height: 350px;\"   alt=\"\" title=\"Inserm\" \/><\/div><\/div><div class=\"item lgx-log-item\" ><div class=\"lgx-logo-item\" ><img decoding=\"async\" class=\"lgx-logo-img skip-lazy\" src=\"https:\/\/www.eco-sprayer.com\/pulverisateurs\/wp-content\/uploads\/2021\/02\/Louis-Dreyfus-Armateurs-Logo.jpg\" style=\"max-width: 350px;max-height: 350px;\"   alt=\"\" title=\"Dreyfus\" \/><\/div><\/div><div class=\"item lgx-log-item\" ><div class=\"lgx-logo-item\" ><img decoding=\"async\" class=\"lgx-logo-img skip-lazy\" src=\"https:\/\/www.eco-sprayer.com\/pulverisateurs\/wp-content\/uploads\/2021\/02\/index.png\" style=\"max-width: 350px;max-height: 350px;\"   alt=\"\" title=\"Company\" \/><\/div><\/div><\/div><\/div><\/div>\r\n\r\n<p>&nbsp;<\/p>","protected":false},"excerpt":{"rendered":"<p>Appareil de d\u00e9sinfection pour les tr\u00e8s petits volumes (comme les PSM, salle blanche, SAS, laboratoire ..) permettant de diffuser via une pompe et un disque rotatif, un produit de d\u00e9sinfection comme le H2O2 ou tout autres produits compatibles (nous consulter) . Le volume sera alors d\u00e9sinfect\u00e9 par brumisation sans laisser de traces d&#8217;humidit\u00e9 ni de condensation, id\u00e9al par exemple\u00a0\u00a0pour la d\u00e9contamination des Postes de S\u00e9curit\u00e9 Microbiologique \/ ETRAF \/ Hotte \u00e0 flux laminaire<\/p>\n<p><strong>Appareil de n\u00e9bulisation avec carte \u00e9lectronique<\/strong><\/p>\n<p>\u00a0\u00a0\u00a0\u00a0\u00a0\u00a0\u00a0\u00a0\u00a0\u00a0\u00a0\u00a0\u00a0 Unit\u00e9 de d\u00e9sinfection autonome fonctionnant sur secteur, sur batterie (Option) ou en protocole \u00e9lectrique via contact sec.<\/p>\n<p style=\"text-align: center;\"><strong><a href=\"https:\/\/www.eco-sprayer.com\/#form1-6\"><span style=\"color: #ff0000;\"><u>Demande de devis<\/u><\/span><\/a><\/strong><\/p>\n","protected":false},"featured_media":621,"comment_status":"open","ping_status":"closed","template":"","meta":[],"product_cat":[60,162],"product_tag":[169],"class_list":{"0":"post-129","1":"product","2":"type-product","3":"status-publish","4":"has-post-thumbnail","6":"product_cat-appareil-de-desinfection-par-voie-aerienne","7":"product_cat-psm","8":"product_tag-v2no","10":"first","11":"instock","12":"taxable","13":"shipping-taxable","14":"product-type-simple"},"_links":{"self":[{"href":"https:\/\/www.eco-sprayer.com\/pulverisateurs\/wp-json\/wp\/v2\/product\/129","targetHints":{"allow":["GET"]}}],"collection":[{"href":"https:\/\/www.eco-sprayer.com\/pulverisateurs\/wp-json\/wp\/v2\/product"}],"about":[{"href":"https:\/\/www.eco-sprayer.com\/pulverisateurs\/wp-json\/wp\/v2\/types\/product"}],"replies":[{"embeddable":true,"href":"https:\/\/www.eco-sprayer.com\/pulverisateurs\/wp-json\/wp\/v2\/comments?post=129"}],"version-history":[{"count":0,"href":"https:\/\/www.eco-sprayer.com\/pulverisateurs\/wp-json\/wp\/v2\/product\/129\/revisions"}],"wp:featuredmedia":[{"embeddable":true,"href":"https:\/\/www.eco-sprayer.com\/pulverisateurs\/wp-json\/wp\/v2\/media\/621"}],"wp:attachment":[{"href":"https:\/\/www.eco-sprayer.com\/pulverisateurs\/wp-json\/wp\/v2\/media?parent=129"}],"wp:term":[{"taxonomy":"product_cat","embeddable":true,"href":"https:\/\/www.eco-sprayer.com\/pulverisateurs\/wp-json\/wp\/v2\/product_cat?post=129"},{"taxonomy":"product_tag","embeddable":true,"href":"https:\/\/www.eco-sprayer.com\/pulverisateurs\/wp-json\/wp\/v2\/product_tag?post=129"}],"curies":[{"name":"wp","href":"https:\/\/api.w.org\/{rel}","templated":true}]}}